{"id":306,"date":"2021-08-29T16:20:04","date_gmt":"2021-08-29T14:20:04","guid":{"rendered":"https:\/\/www.marmis-apartments.com\/?page_id=306"},"modified":"2024-11-16T20:49:26","modified_gmt":"2024-11-16T19:49:26","slug":"touristische-attraktionen","status":"publish","type":"page","link":"https:\/\/www.dworekmarmis.pl\/de\/atrakcje-turystyczne\/","title":{"rendered":"Was es in der Region zu sehen gibt"},"content":{"rendered":"<div class=\"wpb-content-wrapper\"><div class=\"vc_row wpb_row vc_row-fluid\"><div class=\"wpb_column vc_column_container vc_col-sm-12\"><div class=\"vc_column-inner\"><div class=\"wpb_wrapper\">\n\t<div class=\"wpb_text_column wpb_content_element\" >\n\t\t<div class=\"wpb_wrapper\">\n\t\t\t<h4 style=\"text-align: center;\">Bonaluti \u2013 Birngr\u00fctz \u2013 Grodziec \u2013 Grudza<\/h4>\n\n\t\t<\/div>\n\t<\/div>\n<div class=\"vc_separator wpb_content_element vc_separator_align_center vc_sep_width_100 vc_sep_pos_align_center vc_separator_no_text vc_sep_color_grey wpb_content_element  wpb_content_element\" ><span class=\"vc_sep_holder vc_sep_holder_l\"><span class=\"vc_sep_line\"><\/span><\/span><span class=\"vc_sep_holder vc_sep_holder_r\"><span class=\"vc_sep_line\"><\/span><\/span>\n<\/div><\/div><\/div><\/div><\/div><section class=\"vc_section\"><div class=\"vc_row wpb_row vc_row-fluid\"><div class=\"wpb_column vc_column_container vc_col-sm-4\"><div class=\"vc_column-inner\"><div class=\"wpb_wrapper\">\n\t<div  class=\"wpb_single_image wpb_content_element vc_align_left wpb_content_element\">\n\t\t\n\t\t<figure class=\"wpb_wrapper vc_figure\">\n\t\t\t<div class=\"vc_single_image-wrapper   vc_box_border_grey\"><img decoding=\"async\" width=\"2048\" height=\"2048\" src=\"https:\/\/www.dworekmarmis.pl\/app\/uploads\/2022\/05\/20220501_112504-scaled.jpg\" class=\"vc_single_image-img attachment-full\" alt=\"Die Kirche mit ihrer orangefarbenen Fassade, dem schwarzen Turm und dem Friedhof nebenan, an einem sonnigen Tag.\" title=\"20220501_112504\" srcset=\"https:\/\/www.dworekmarmis.pl\/app\/uploads\/2022\/05\/20220501_112504-scaled.jpg 2048w, https:\/\/www.dworekmarmis.pl\/app\/uploads\/2022\/05\/20220501_112504-scaled-600x600.jpg 600w, https:\/\/www.dworekmarmis.pl\/app\/uploads\/2022\/05\/20220501_112504-scaled-100x100.jpg 100w, https:\/\/www.dworekmarmis.pl\/app\/uploads\/2022\/05\/20220501_112504-300x300.jpg 300w, https:\/\/www.dworekmarmis.pl\/app\/uploads\/2022\/05\/20220501_112504-1024x1024.jpg 1024w, https:\/\/www.dworekmarmis.pl\/app\/uploads\/2022\/05\/20220501_112504-150x150.jpg 150w, https:\/\/www.dworekmarmis.pl\/app\/uploads\/2022\/05\/20220501_112504-768x768.jpg 768w, https:\/\/www.dworekmarmis.pl\/app\/uploads\/2022\/05\/20220501_112504-1536x1536.jpg 1536w, https:\/\/www.dworekmarmis.pl\/app\/uploads\/2022\/05\/20220501_112504-12x12.jpg 12w\" sizes=\"(max-width: 2048px) 100vw, 2048px\" \/><\/div>\n\t\t<\/figure>\n\t<\/div>\n<\/div><\/div><\/div><div class=\"wpb_column vc_column_container vc_col-sm-4\"><div class=\"vc_column-inner\"><div class=\"wpb_wrapper\">\n\t<div class=\"wpb_text_column wpb_content_element\" >\n\t\t<div class=\"wpb_wrapper\">\n\t\t\t<p style=\"text-align: left;\">Grudza wurde in der zweiten H\u00e4lfte des 13. Jahrhunderts gegr\u00fcndet. Die fr\u00fcheste Erw\u00e4hnung des Dorfes stammt aus einer Urkunde von 1305, in der das Dorf unter dem Namen Bonaluti erscheint. Im Jahr 1345 schenkte F\u00fcrst Henryk Jaworski dem Benediktinerkloster in Lubomierz 900 Morgen Wald in Grudza.<\/p>\n<p style=\"text-align: left;\">Zwischen 1545 und 1810 geh\u00f6rte das Gebiet vom Dorf bis in die N\u00e4he von Lubomierz dem Orden, wovon zahlreiche Wegkreuze in diesem Gebiet zeugen.<\/p>\n\n\t\t<\/div>\n\t<\/div>\n<\/div><\/div><\/div><div class=\"wpb_column vc_column_container vc_col-sm-4\"><div class=\"vc_column-inner\"><div class=\"wpb_wrapper\">\n\t<div  class=\"wpb_single_image wpb_content_element vc_align_center wpb_content_element\">\n\t\t\n\t\t<figure class=\"wpb_wrapper vc_figure\">\n\t\t\t<div class=\"vc_single_image-wrapper   vc_box_border_grey\"><img decoding=\"async\" width=\"2048\" height=\"2048\" src=\"https:\/\/www.dworekmarmis.pl\/app\/uploads\/2023\/05\/20220805_125846-scaled.jpg\" class=\"vc_single_image-img attachment-full\" alt=\"Ein Kruzifix mit einer Jesus-Statue im Wald, umgeben von gr\u00fcnen B\u00e4umen und Laub.\" title=\"20220805_125846\" srcset=\"https:\/\/www.dworekmarmis.pl\/app\/uploads\/2023\/05\/20220805_125846-scaled.jpg 2048w, https:\/\/www.dworekmarmis.pl\/app\/uploads\/2023\/05\/20220805_125846-300x300.jpg 300w, https:\/\/www.dworekmarmis.pl\/app\/uploads\/2023\/05\/20220805_125846-1024x1024.jpg 1024w, https:\/\/www.dworekmarmis.pl\/app\/uploads\/2023\/05\/20220805_125846-150x150.jpg 150w, https:\/\/www.dworekmarmis.pl\/app\/uploads\/2023\/05\/20220805_125846-768x768.jpg 768w, https:\/\/www.dworekmarmis.pl\/app\/uploads\/2023\/05\/20220805_125846-1536x1536.jpg 1536w, https:\/\/www.dworekmarmis.pl\/app\/uploads\/2023\/05\/20220805_125846-12x12.jpg 12w, https:\/\/www.dworekmarmis.pl\/app\/uploads\/2023\/05\/20220805_125846-600x600.jpg 600w, https:\/\/www.dworekmarmis.pl\/app\/uploads\/2023\/05\/20220805_125846-100x100.jpg 100w\" sizes=\"(max-width: 2048px) 100vw, 2048px\" \/><\/div>\n\t\t<\/figure>\n\t<\/div>\n<\/div><\/div><\/div><\/div><div class=\"vc_row wpb_row vc_row-fluid\"><div class=\"wpb_column vc_column_container vc_col-sm-4\"><div class=\"vc_column-inner\"><div class=\"wpb_wrapper\">\n\t<div class=\"wpb_text_column wpb_content_element\" >\n\t\t<div class=\"wpb_wrapper\">\n\t\t\t<p style=\"text-align: left;\">Die Pfarrkirche Mari\u00e4 Namen, Ende des 15. Jahrhunderts im sp\u00e4tgotischen Stil erbaut und sp\u00e4ter zwischen 1765-1768 und 1772 umgebaut bzw. neu errichtet, ist der Stolz unseres Dorfes.<\/p>\n\n\t\t<\/div>\n\t<\/div>\n<\/div><\/div><\/div><div class=\"wpb_column vc_column_container vc_col-sm-4\"><div class=\"vc_column-inner\"><div class=\"wpb_wrapper\">\n\t<div  class=\"wpb_single_image wpb_content_element vc_align_center wpb_content_element\">\n\t\t\n\t\t<figure class=\"wpb_wrapper vc_figure\">\n\t\t\t<div class=\"vc_single_image-wrapper   vc_box_border_grey\"><img decoding=\"async\" width=\"425\" height=\"425\" src=\"https:\/\/www.dworekmarmis.pl\/app\/uploads\/2024\/01\/Seiferts-Gasthof111-2.jpg\" class=\"vc_single_image-img attachment-full\" alt=\"Seifert&#039;s Gasthof in Birngr\u00fctzh\u00f6h, ein Geb\u00e4ude mit B\u00e4umen in der Umgebung, alter Baustil.\" title=\"Seiferts Gasthof111\" srcset=\"https:\/\/www.dworekmarmis.pl\/app\/uploads\/2024\/01\/Seiferts-Gasthof111-2.jpg 425w, https:\/\/www.dworekmarmis.pl\/app\/uploads\/2024\/01\/Seiferts-Gasthof111-2-300x300.jpg 300w, https:\/\/www.dworekmarmis.pl\/app\/uploads\/2024\/01\/Seiferts-Gasthof111-2-150x150.jpg 150w, https:\/\/www.dworekmarmis.pl\/app\/uploads\/2024\/01\/Seiferts-Gasthof111-2-12x12.jpg 12w\" sizes=\"(max-width: 425px) 100vw, 425px\" \/><\/div>\n\t\t<\/figure>\n\t<\/div>\n<\/div><\/div><\/div><div class=\"wpb_column vc_column_container vc_col-sm-4\"><div class=\"vc_column-inner\"><div class=\"wpb_wrapper\">\n\t<div class=\"wpb_text_column wpb_content_element\" >\n\t\t<div class=\"wpb_wrapper\">\n\t\t\t<p>Bemerkenswert sind die Ruinen von Seiferts Gasthof, der im 19. und fr\u00fchen 20. Jahrhundert als Rastplatz diente, und der Aussichtsturm (eine ehemalige Windm\u00fchle), auf dem eine historische Uhr aus dem Jahr 1756 steht.<\/p>\n\n\t\t<\/div>\n\t<\/div>\n<\/div><\/div><\/div><\/div><\/section><div class=\"vc_row wpb_row vc_row-fluid\"><div class=\"wpb_column vc_column_container vc_col-sm-4\"><div class=\"vc_column-inner\"><div class=\"wpb_wrapper\">\n\t<div  class=\"wpb_single_image wpb_content_element vc_align_left wpb_content_element\">\n\t\t\n\t\t<figure class=\"wpb_wrapper vc_figure\">\n\t\t\t<div class=\"vc_single_image-wrapper   vc_box_border_grey\"><img decoding=\"async\" width=\"502\" height=\"502\" src=\"https:\/\/www.dworekmarmis.pl\/app\/uploads\/2024\/01\/Wieza-widokowa111.jpg\" class=\"vc_single_image-img attachment-full\" alt=\"Ein Aussichtsturm mit einer historischen Uhr aus dem Jahr 1756, umgeben von B\u00e4umen und Menschenfiguren.\" title=\"Aussichtsturm111\" srcset=\"https:\/\/www.dworekmarmis.pl\/app\/uploads\/2024\/01\/Wieza-widokowa111.jpg 502w, https:\/\/www.dworekmarmis.pl\/app\/uploads\/2024\/01\/Wieza-widokowa111-300x300.jpg 300w, https:\/\/www.dworekmarmis.pl\/app\/uploads\/2024\/01\/Wieza-widokowa111-150x150.jpg 150w, https:\/\/www.dworekmarmis.pl\/app\/uploads\/2024\/01\/Wieza-widokowa111-12x12.jpg 12w\" sizes=\"(max-width: 502px) 100vw, 502px\" \/><\/div>\n\t\t<\/figure>\n\t<\/div>\n<\/div><\/div><\/div><div class=\"wpb_column vc_column_container vc_col-sm-4\"><div class=\"vc_column-inner\"><div class=\"wpb_wrapper\">\n\t<div class=\"wpb_text_column wpb_content_element\" >\n\t\t<div class=\"wpb_wrapper\">\n\t\t\t<p>Im Zentrum von Grudza, auf dem sogenannten Marktplatz, stand eines der sch\u00f6nsten Geb\u00e4ude unseres Dorfes. Es war ein Brauereigeb\u00e4ude, das mit dem \"Gasthof Brauerei\" verbunden war, wo Einheimische und Touristen das lokale Bier probieren konnten.<\/p>\n\n\t\t<\/div>\n\t<\/div>\n<\/div><\/div><\/div><div class=\"wpb_column vc_column_container vc_col-sm-4\"><div class=\"vc_column-inner\"><div class=\"wpb_wrapper\">\n\t<div  class=\"wpb_single_image wpb_content_element vc_align_left wpb_content_element\">\n\t\t\n\t\t<figure class=\"wpb_wrapper vc_figure\">\n\t\t\t<div class=\"vc_single_image-wrapper   vc_box_border_grey\"><img decoding=\"async\" width=\"368\" height=\"351\" src=\"https:\/\/www.dworekmarmis.pl\/app\/uploads\/2024\/01\/Gasthof-zur-Brauerei.jpg\" class=\"vc_single_image-img attachment-full\" alt=\"Ein Geb\u00e4ude im Landhausstil mit Mansarddach, umgeben von B\u00e4umen, mit Figuren vor dem Eingang.\" title=\"Gasthof zur Brauerei\" srcset=\"https:\/\/www.dworekmarmis.pl\/app\/uploads\/2024\/01\/Gasthof-zur-Brauerei.jpg 368w, https:\/\/www.dworekmarmis.pl\/app\/uploads\/2024\/01\/Gasthof-zur-Brauerei-300x286.jpg 300w, https:\/\/www.dworekmarmis.pl\/app\/uploads\/2024\/01\/Gasthof-zur-Brauerei-13x12.jpg 13w\" sizes=\"(max-width: 368px) 100vw, 368px\" \/><\/div>\n\t\t<\/figure>\n\t<\/div>\n<\/div><\/div><\/div><\/div><div class=\"vc_row wpb_row vc_row-fluid\"><div class=\"wpb_column vc_column_container vc_col-sm-4\"><div class=\"vc_column-inner\"><div class=\"wpb_wrapper\">\n\t<div class=\"wpb_text_column wpb_content_element\" >\n\t\t<div class=\"wpb_wrapper\">\n\t\t\t<p>Grudza hatte zwei Eingangstore.<\/p>\n<p>Ab Mitte des 19. Jahrhunderts nahm das Dorf den Charakter eines Feriendorfes an.<\/p>\n<p>Nach 1945 \u00e4nderte sich sein Charakter in Richtung Landwirtschaft. In den Jahren 1945-47 wurde der Name des Dorfes von Birngr\u00fctz in Grodziec ge\u00e4ndert.<\/p>\n\n\t\t<\/div>\n\t<\/div>\n<\/div><\/div><\/div><div class=\"wpb_column vc_column_container vc_col-sm-4\"><div class=\"vc_column-inner\"><div class=\"wpb_wrapper\">\n\t<div  class=\"wpb_single_image wpb_content_element vc_align_left wpb_content_element\">\n\t\t\n\t\t<figure class=\"wpb_wrapper vc_figure\">\n\t\t\t<div class=\"vc_single_image-wrapper   vc_box_border_grey\"><img decoding=\"async\" width=\"2048\" height=\"2049\" src=\"https:\/\/www.dworekmarmis.pl\/app\/uploads\/2022\/05\/20220504_173052.jpg\" class=\"vc_single_image-img attachment-full\" alt=\"Ein alter, ausladender Baum mit informativer Beschilderung in einer gr\u00fcnen Umgebung.\" title=\"20220504_173052\" srcset=\"https:\/\/www.dworekmarmis.pl\/app\/uploads\/2022\/05\/20220504_173052.jpg 2048w, https:\/\/www.dworekmarmis.pl\/app\/uploads\/2022\/05\/20220504_173052-600x600.jpg 600w, https:\/\/www.dworekmarmis.pl\/app\/uploads\/2022\/05\/20220504_173052-100x100.jpg 100w, https:\/\/www.dworekmarmis.pl\/app\/uploads\/2022\/05\/20220504_173052-300x300.jpg 300w, https:\/\/www.dworekmarmis.pl\/app\/uploads\/2022\/05\/20220504_173052-1024x1024.jpg 1024w, https:\/\/www.dworekmarmis.pl\/app\/uploads\/2022\/05\/20220504_173052-150x150.jpg 150w, https:\/\/www.dworekmarmis.pl\/app\/uploads\/2022\/05\/20220504_173052-768x768.jpg 768w, https:\/\/www.dworekmarmis.pl\/app\/uploads\/2022\/05\/20220504_173052-1536x1536.jpg 1536w, https:\/\/www.dworekmarmis.pl\/app\/uploads\/2022\/05\/20220504_173052-12x12.jpg 12w\" sizes=\"(max-width: 2048px) 100vw, 2048px\" \/><\/div>\n\t\t<\/figure>\n\t<\/div>\n<\/div><\/div><\/div><div class=\"wpb_column vc_column_container vc_col-sm-4\"><div class=\"vc_column-inner\"><div class=\"wpb_wrapper\">\n\t<div class=\"wpb_text_column wpb_content_element\" >\n\t\t<div class=\"wpb_wrapper\">\n\t\t\t<p>Wenn man von der Ruine des Gasthauses Seifert in nordwestlicher Richtung hinuntergeht und die T\u00fcrme auf der linken Seite passiert, gelangt man zu dem wahrscheinlich \u00e4ltesten und dicksten Birnbaum Polens, der etwa 300 Jahre alt ist.<\/p>\n\n\t\t<\/div>\n\t<\/div>\n<\/div><\/div><\/div><\/div><div class=\"vc_row wpb_row vc_row-fluid\"><div class=\"wpb_column vc_column_container vc_col-sm-4\"><div class=\"vc_column-inner\"><div class=\"wpb_wrapper\">\n\t<div  class=\"wpb_single_image wpb_content_element vc_align_left wpb_content_element\">\n\t\t\n\t\t<figure class=\"wpb_wrapper vc_figure\">\n\t\t\t<div class=\"vc_single_image-wrapper   vc_box_border_grey\"><img decoding=\"async\" width=\"2048\" height=\"2049\" src=\"https:\/\/www.dworekmarmis.pl\/app\/uploads\/2022\/05\/20220505_191738.jpg\" class=\"vc_single_image-img attachment-full\" alt=\"Ein Schloss mit rotem Dach, rundem Turm und Steinmauer, an einem sonnigen Tag.\" title=\"20220505_191738\" srcset=\"https:\/\/www.dworekmarmis.pl\/app\/uploads\/2022\/05\/20220505_191738.jpg 2048w, https:\/\/www.dworekmarmis.pl\/app\/uploads\/2022\/05\/20220505_191738-600x600.jpg 600w, https:\/\/www.dworekmarmis.pl\/app\/uploads\/2022\/05\/20220505_191738-100x100.jpg 100w, https:\/\/www.dworekmarmis.pl\/app\/uploads\/2022\/05\/20220505_191738-300x300.jpg 300w, https:\/\/www.dworekmarmis.pl\/app\/uploads\/2022\/05\/20220505_191738-1024x1024.jpg 1024w, https:\/\/www.dworekmarmis.pl\/app\/uploads\/2022\/05\/20220505_191738-150x150.jpg 150w, https:\/\/www.dworekmarmis.pl\/app\/uploads\/2022\/05\/20220505_191738-768x768.jpg 768w, https:\/\/www.dworekmarmis.pl\/app\/uploads\/2022\/05\/20220505_191738-1536x1536.jpg 1536w, https:\/\/www.dworekmarmis.pl\/app\/uploads\/2022\/05\/20220505_191738-12x12.jpg 12w\" sizes=\"(max-width: 2048px) 100vw, 2048px\" \/><\/div>\n\t\t<\/figure>\n\t<\/div>\n<\/div><\/div><\/div><div class=\"wpb_column vc_column_container vc_col-sm-4\"><div class=\"vc_column-inner\"><div class=\"wpb_wrapper\">\n\t<div class=\"wpb_text_column wpb_content_element\" >\n\t\t<div class=\"wpb_wrapper\">\n\t\t\t<p>Die Burg Tschoch in Sucha wurde in den Jahren 1241-1247 als defensive Grenzburg an der schlesisch-lausitzischen Grenze erbaut.<\/p>\n<p>Die in den 1450er Jahren auf einem 627 Meter hohen Berg errichtete Burg Chojnik ist ein wundersch\u00f6nes mittelalterliches Denkmal, und die mit der Burg verbundene Legende der Prinzessin Kunegunda zieht noch immer viele Touristen an.<\/p>\n\n\t\t<\/div>\n\t<\/div>\n<\/div><\/div><\/div><div class=\"wpb_column vc_column_container vc_col-sm-4\"><div class=\"vc_column-inner\"><div class=\"wpb_wrapper\">\n\t<div  class=\"wpb_single_image wpb_content_element vc_align_left wpb_content_element\">\n\t\t\n\t\t<figure class=\"wpb_wrapper vc_figure\">\n\t\t\t<div class=\"vc_single_image-wrapper   vc_box_border_grey\"><img decoding=\"async\" width=\"2048\" height=\"2048\" src=\"https:\/\/www.dworekmarmis.pl\/app\/uploads\/2022\/05\/20220505_193832-scaled.jpg\" class=\"vc_single_image-img attachment-full\" alt=\"Burgruine mit Rundturm, umgeben von gr\u00fcnen B\u00e4umen, Menschen in verschiedenen Posen auf dem Burggel\u00e4nde.\" title=\"20220505_193832\" srcset=\"https:\/\/www.dworekmarmis.pl\/app\/uploads\/2022\/05\/20220505_193832-scaled.jpg 2048w, https:\/\/www.dworekmarmis.pl\/app\/uploads\/2022\/05\/20220505_193832-scaled-600x600.jpg 600w, https:\/\/www.dworekmarmis.pl\/app\/uploads\/2022\/05\/20220505_193832-scaled-100x100.jpg 100w, https:\/\/www.dworekmarmis.pl\/app\/uploads\/2022\/05\/20220505_193832-300x300.jpg 300w, https:\/\/www.dworekmarmis.pl\/app\/uploads\/2022\/05\/20220505_193832-1024x1024.jpg 1024w, https:\/\/www.dworekmarmis.pl\/app\/uploads\/2022\/05\/20220505_193832-150x150.jpg 150w, https:\/\/www.dworekmarmis.pl\/app\/uploads\/2022\/05\/20220505_193832-768x768.jpg 768w, https:\/\/www.dworekmarmis.pl\/app\/uploads\/2022\/05\/20220505_193832-1536x1536.jpg 1536w, https:\/\/www.dworekmarmis.pl\/app\/uploads\/2022\/05\/20220505_193832-12x12.jpg 12w\" sizes=\"(max-width: 2048px) 100vw, 2048px\" \/><\/div>\n\t\t<\/figure>\n\t<\/div>\n<\/div><\/div><\/div><\/div><div class=\"vc_row wpb_row vc_row-fluid\"><div class=\"wpb_column vc_column_container vc_col-sm-4\"><div class=\"vc_column-inner\"><div class=\"wpb_wrapper\">\n\t<div class=\"wpb_text_column wpb_content_element\" >\n\t\t<div class=\"wpb_wrapper\">\n\t\t\t<p>Auf dem Weg nach Mirsk, kurz vor dem Ortseingang auf der rechten Seite, befindet sich ein 1908-1910 erbauter Damm, der die Stadt Mirsk und die umliegenden D\u00f6rfer Brzeziniec, Kar\u0142owiec und Wie\u017ca vor Hochwasser sch\u00fctzen soll.<\/p>\n\n\t\t<\/div>\n\t<\/div>\n<\/div><\/div><\/div><div class=\"wpb_column vc_column_container vc_col-sm-4\"><div class=\"vc_column-inner\"><div class=\"wpb_wrapper\">\n\t<div  class=\"wpb_single_image wpb_content_element vc_align_left wpb_content_element\">\n\t\t\n\t\t<figure class=\"wpb_wrapper vc_figure\">\n\t\t\t<div class=\"vc_single_image-wrapper   vc_box_border_grey\"><img decoding=\"async\" width=\"642\" height=\"642\" src=\"https:\/\/www.dworekmarmis.pl\/app\/uploads\/2022\/05\/20220505_170146.jpg\" class=\"vc_single_image-img attachment-full\" alt=\"Ein Steindamm mit gelbem Gel\u00e4nder, umgeben von gr\u00fcnen B\u00e4umen und Rasen, an einem sonnigen Tag.\" title=\"20220505_170146\" srcset=\"https:\/\/www.dworekmarmis.pl\/app\/uploads\/2022\/05\/20220505_170146.jpg 642w, https:\/\/www.dworekmarmis.pl\/app\/uploads\/2022\/05\/20220505_170146-600x600.jpg 600w, https:\/\/www.dworekmarmis.pl\/app\/uploads\/2022\/05\/20220505_170146-100x100.jpg 100w, https:\/\/www.dworekmarmis.pl\/app\/uploads\/2022\/05\/20220505_170146-300x300.jpg 300w, https:\/\/www.dworekmarmis.pl\/app\/uploads\/2022\/05\/20220505_170146-150x150.jpg 150w, https:\/\/www.dworekmarmis.pl\/app\/uploads\/2022\/05\/20220505_170146-12x12.jpg 12w\" sizes=\"(max-width: 642px) 100vw, 642px\" \/><\/div>\n\t\t<\/figure>\n\t<\/div>\n<\/div><\/div><\/div><div class=\"wpb_column vc_column_container vc_col-sm-4\"><div class=\"vc_column-inner\"><div class=\"wpb_wrapper\">\n\t<div class=\"wpb_text_column wpb_content_element\" >\n\t\t<div class=\"wpb_wrapper\">\n\t\t\t<p>In Mirsk hingegen lohnt es sich, den alten Marktplatz mit dem mittelalterlichen Rathaus aus dem 16. Jahrhundert und den Aussichtsturm vom Ende des 19. Jahrhunderts zu besichtigen, der bis in die 1970er Jahre als Wasserturm diente und seit 2013 f\u00fcr Touristen ge\u00f6ffnet ist.<\/p>\n\n\t\t<\/div>\n\t<\/div>\n<\/div><\/div><\/div><\/div><div class=\"vc_row wpb_row vc_row-fluid\"><div class=\"wpb_column vc_column_container vc_col-sm-4\"><div class=\"vc_column-inner\"><div class=\"wpb_wrapper\">\n\t<div  class=\"wpb_single_image wpb_content_element vc_align_left wpb_content_element\">\n\t\t\n\t\t<figure class=\"wpb_wrapper vc_figure\">\n\t\t\t<div class=\"vc_single_image-wrapper   vc_box_border_grey\"><img decoding=\"async\" width=\"2048\" height=\"2046\" src=\"https:\/\/www.dworekmarmis.pl\/app\/uploads\/2022\/05\/20220504_190446.jpg\" class=\"vc_single_image-img attachment-full\" alt=\"Eine linsenf\u00f6rmige Wolke schwebt \u00fcber dem Horizont, mit einem zartrosa Himmel und Bergen im Hintergrund.\" title=\"20220504_190446\" srcset=\"https:\/\/www.dworekmarmis.pl\/app\/uploads\/2022\/05\/20220504_190446.jpg 2048w, https:\/\/www.dworekmarmis.pl\/app\/uploads\/2022\/05\/20220504_190446-600x599.jpg 600w, https:\/\/www.dworekmarmis.pl\/app\/uploads\/2022\/05\/20220504_190446-100x100.jpg 100w, https:\/\/www.dworekmarmis.pl\/app\/uploads\/2022\/05\/20220504_190446-300x300.jpg 300w, https:\/\/www.dworekmarmis.pl\/app\/uploads\/2022\/05\/20220504_190446-1024x1024.jpg 1024w, https:\/\/www.dworekmarmis.pl\/app\/uploads\/2022\/05\/20220504_190446-150x150.jpg 150w, https:\/\/www.dworekmarmis.pl\/app\/uploads\/2022\/05\/20220504_190446-768x767.jpg 768w, https:\/\/www.dworekmarmis.pl\/app\/uploads\/2022\/05\/20220504_190446-1536x1536.jpg 1536w, https:\/\/www.dworekmarmis.pl\/app\/uploads\/2022\/05\/20220504_190446-12x12.jpg 12w\" sizes=\"(max-width: 2048px) 100vw, 2048px\" \/><\/div>\n\t\t<\/figure>\n\t<\/div>\n<\/div><\/div><\/div><div class=\"wpb_column vc_column_container vc_col-sm-4\"><div class=\"vc_column-inner\"><div class=\"wpb_wrapper\">\n\t<div class=\"wpb_text_column wpb_content_element\" >\n\t\t<div class=\"wpb_wrapper\">\n\t\t\t<p>Im nahe gelegenen Prosz\u00f3wka finden Sie die Ruinen der Burg Gryf, die im 13. Jahrhundert vom Herzog von G\u0142og\u00f3w, Konrad, erbaut wurde.<\/p>\n\n\t\t<\/div>\n\t<\/div>\n\n\t<div class=\"wpb_text_column wpb_content_element\" >\n\t\t<div class=\"wpb_wrapper\">\n\t\t\t<p>Das Bergwerk des Heiligen Johannes in Krobica ist ein renovierter Ort, der jedes Jahr von Touristen besucht wird. Der Geopark hat eine ungew\u00f6hnlich reiche Geschichte, da hier vom 16. bis zum Ende des 19. Jahrhunderts Stollen von Zink- und Kobalterzminen betrieben wurden.<\/p>\n\n\t\t<\/div>\n\t<\/div>\n<\/div><\/div><\/div><div class=\"wpb_column vc_column_container vc_col-sm-4\"><div class=\"vc_column-inner\"><div class=\"wpb_wrapper\">\n\t<div  class=\"wpb_single_image wpb_content_element vc_align_left wpb_content_element\">\n\t\t\n\t\t<figure class=\"wpb_wrapper vc_figure\">\n\t\t\t<div class=\"vc_single_image-wrapper   vc_box_border_grey\"><img decoding=\"async\" width=\"2048\" height=\"2045\" src=\"https:\/\/www.dworekmarmis.pl\/app\/uploads\/2022\/05\/20220504_172657.jpg\" class=\"vc_single_image-img attachment-full\" alt=\"Die Ruinen eines runden Turms, umgeben von B\u00e4umen und Gras, mit einem grauen Himmel im Hintergrund.\" title=\"20220504_172657\" srcset=\"https:\/\/www.dworekmarmis.pl\/app\/uploads\/2022\/05\/20220504_172657.jpg 2048w, https:\/\/www.dworekmarmis.pl\/app\/uploads\/2022\/05\/20220504_172657-600x599.jpg 600w, https:\/\/www.dworekmarmis.pl\/app\/uploads\/2022\/05\/20220504_172657-100x100.jpg 100w, https:\/\/www.dworekmarmis.pl\/app\/uploads\/2022\/05\/20220504_172657-300x300.jpg 300w, https:\/\/www.dworekmarmis.pl\/app\/uploads\/2022\/05\/20220504_172657-1024x1024.jpg 1024w, https:\/\/www.dworekmarmis.pl\/app\/uploads\/2022\/05\/20220504_172657-150x150.jpg 150w, https:\/\/www.dworekmarmis.pl\/app\/uploads\/2022\/05\/20220504_172657-768x767.jpg 768w, https:\/\/www.dworekmarmis.pl\/app\/uploads\/2022\/05\/20220504_172657-1536x1534.jpg 1536w, https:\/\/www.dworekmarmis.pl\/app\/uploads\/2022\/05\/20220504_172657-12x12.jpg 12w\" sizes=\"(max-width: 2048px) 100vw, 2048px\" \/><\/div>\n\t\t<\/figure>\n\t<\/div>\n<\/div><\/div><\/div><\/div>\n<\/div>","protected":false},"excerpt":{"rendered":"Bonaluti - Birngr\u00fctz - Grodziec - Grudza Grudza wurde in der zweiten H\u00e4lfte des 13. Jahrhunderts gegr\u00fcndet. Die fr\u00fcheste Erw\u00e4hnung des Dorfes stammt aus einer Urkunde von 1305, in der das Dorf als Bonaluti bezeichnet wird. Im Jahr 1345 schenkte F\u00fcrst Henryk Jaworski dem Benediktinerkloster in Lubomierz 900 Morgen Wald in Grudza. Zwischen 1545 und 1810 wurde das Gebiet des Dorfes ...","protected":false},"author":1,"featured_media":820,"parent":0,"menu_order":0,"comment_status":"closed","ping_status":"closed","template":"","meta":{"_acf_changed":false,"footnotes":""},"class_list":["post-306","page","type-page","status-publish","has-post-thumbnail","hentry"],"acf":[],"aioseo_notices":[],"_links":{"self":[{"href":"https:\/\/www.dworekmarmis.pl\/de\/wp-json\/wp\/v2\/pages\/306","targetHints":{"allow":["GET"]}}],"collection":[{"href":"https:\/\/www.dworekmarmis.pl\/de\/wp-json\/wp\/v2\/pages"}],"about":[{"href":"https:\/\/www.dworekmarmis.pl\/de\/wp-json\/wp\/v2\/types\/page"}],"author":[{"embeddable":true,"href":"https:\/\/www.dworekmarmis.pl\/de\/wp-json\/wp\/v2\/users\/1"}],"replies":[{"embeddable":true,"href":"https:\/\/www.dworekmarmis.pl\/de\/wp-json\/wp\/v2\/comments?post=306"}],"version-history":[{"count":20,"href":"https:\/\/www.dworekmarmis.pl\/de\/wp-json\/wp\/v2\/pages\/306\/revisions"}],"predecessor-version":[{"id":568,"href":"https:\/\/www.dworekmarmis.pl\/de\/wp-json\/wp\/v2\/pages\/306\/revisions\/568"}],"wp:featuredmedia":[{"embeddable":true,"href":"https:\/\/www.dworekmarmis.pl\/de\/wp-json\/wp\/v2\/media\/820"}],"wp:attachment":[{"href":"https:\/\/www.dworekmarmis.pl\/de\/wp-json\/wp\/v2\/media?parent=306"}],"curies":[{"name":"wp","href":"https:\/\/api.w.org\/{rel}","templated":true}]}}