{"id":3,"date":"2021-08-15T13:36:18","date_gmt":"2021-08-15T13:36:18","guid":{"rendered":"https:\/\/www.marmis-apartments.com\/?page_id=3"},"modified":"2024-12-31T10:52:47","modified_gmt":"2024-12-31T09:52:47","slug":"datenschutzbestimmungen","status":"publish","type":"page","link":"https:\/\/www.dworekmarmis.pl\/de\/polityka-prywatnosci\/","title":{"rendered":"Datenschutz"},"content":{"rendered":"<div class=\"wpb-content-wrapper\"><div class=\"vc_row wpb_row vc_row-fluid\"><div class=\"wpb_column vc_column_container vc_col-sm-12\"><div class=\"vc_column-inner\"><div class=\"wpb_wrapper\">\n\t<div class=\"wpb_text_column wpb_content_element\" >\n\t\t<div class=\"wpb_wrapper\">\n\t\t\t<p><strong>Dworek Marmis<\/strong><br \/>\n<span class=\"elementor-icon-list-text\">Grudza 44<br \/>\n<\/span><span class=\"elementor-icon-list-text\">59-630 Mirsk<\/span><\/p>\n\n\t\t<\/div>\n\t<\/div>\n<\/div><\/div><\/div><\/div><div class=\"vc_row wpb_row vc_row-fluid\"><div class=\"wpb_column vc_column_container vc_col-sm-12\"><div class=\"vc_column-inner\"><div class=\"wpb_wrapper\">\n\t<div class=\"wpb_text_column wpb_content_element\" >\n\t\t<div class=\"wpb_wrapper\">\n\t\t\t<article>\n<h1 class=\"page-title text-center\">Website-Bestimmungen<\/h1>\n<h2>I. Allgemeine Konzepte<\/h2>\n<ul>\n<li><strong>Verordnungen<\/strong> \u2013 diese Vorschriften<\/li>\n<li><strong>Service<\/strong> \u2013 Website von Dworek Marmis, verf\u00fcgbar unter dziekmarmis.pl<\/li>\n<li><strong>Dienstleister<\/strong> \u2013 Der Inhaber der Website ist eine nat\u00fcrliche Person<\/li>\n<li><strong>Leistungsempf\u00e4nger<\/strong> \u2013 jede nat\u00fcrliche Person, die Zugriff auf die Website erh\u00e4lt und die vom Dienstanbieter \u00fcber die Website bereitgestellten Dienste nutzt.<\/li>\n<li><strong>Elektronische Kommunikation<\/strong> \u2013 Kommunikation zwischen den Parteien per elektronischer Post (E-Mail) und auf der Website verf\u00fcgbaren Kontaktformularen.<\/li>\n<\/ul>\n<h2>II. Allgemeine Bestimmungen<\/h2>\n<ul>\n<li>Die Bestimmungen legen die Grunds\u00e4tze f\u00fcr den Betrieb und die Nutzung der Website fest und legen den Umfang der Rechte und Pflichten der Serviceempf\u00e4nger und des Serviceanbieters im Zusammenhang mit der Nutzung der Website fest.<\/li>\n<li>Gegenstand der Dienstleistungen des Dienstleisters ist die Bereitstellung kostenloser Tools in Form der Website, die es den Nutzern des Dienstes erm\u00f6glichen, auf Inhalte in Form von Eintr\u00e4gen, Artikeln und audiovisuellen Materialien oder Internetanwendungen und elektronischen Formularen zuzugreifen.<\/li>\n<li>Alle auf der Website ver\u00f6ffentlichten m\u00f6glichen Inhalte, Artikel und Informationen mit Tipps oder Ratschl\u00e4gen dienen lediglich der allgemeinen Information und richten sich nicht an einzelne Servicenutzer. Der Dienstanbieter ist nicht f\u00fcr deren Nutzung durch Dienstempf\u00e4nger verantwortlich.<\/li>\n<li>Der Leistungsempf\u00e4nger tr\u00e4gt die volle Verantwortung f\u00fcr die Nutzung der auf der Website zur Verf\u00fcgung gestellten Materialien, einschlie\u00dflich deren Nutzung gem\u00e4\u00df geltendem Recht.<\/li>\n<li>Der Dienstanbieter \u00fcbernimmt keine Garantie f\u00fcr die Eignung der auf der Website ver\u00f6ffentlichten Materialien.<\/li>\n<li>Der Dienstanbieter haftet nicht f\u00fcr Sch\u00e4den, die den Website-Benutzern oder Dritten im Zusammenhang mit der Nutzung der Website entstehen. Alle Risiken, die mit der Nutzung der Website und insbesondere mit der Nutzung und Nutzung der auf der Website ver\u00f6ffentlichten Informationen verbunden sind, tr\u00e4gt der Leistungsempf\u00e4nger, der die Dienste der Website nutzt.<\/li>\n<\/ul>\n<h2>III. Nutzungsbedingungen der Website<\/h2>\n<ul>\n<li>Die Nutzung der Website durch jeden Leistungsempf\u00e4nger ist kostenlos und freiwillig.<\/li>\n<li>Leistungsempf\u00e4nger sind verpflichtet, die Bestimmungen und andere Dokumente, die einen integralen Bestandteil davon bilden, zu lesen und ihre Bestimmungen in vollem Umfang zu akzeptieren, um die Website weiterhin nutzen zu k\u00f6nnen.<\/li>\n<li>Leistungsempf\u00e4nger d\u00fcrfen die auf der Website erhobenen personenbezogenen Daten nicht f\u00fcr Marketingzwecke nutzen.<\/li>\n<li>Technische Voraussetzungen f\u00fcr die Nutzung der Website:\n<ul>\n<li>ein Ger\u00e4t mit einem Display, das die Anzeige von Websites erm\u00f6glicht,<\/li>\n<li>Internetverbindung,<\/li>\n<li>Jeder Webbrowser, der Websites gem\u00e4\u00df den Standards und Bestimmungen des W3C-Konsortiums anzeigt und in HTML5 bereitgestellte Websites unterst\u00fctzt.<\/li>\n<li>JavaScript-Unterst\u00fctzung aktiviert,<\/li>\n<li>Cookies-Unterst\u00fctzung aktiviert<\/li>\n<\/ul>\n<\/li>\n<li>Um die Sicherheit des Dienstanbieters, des Dienstempf\u00e4ngers und anderer Dienstempf\u00e4nger, die die Website nutzen, zu gew\u00e4hrleisten, sollten alle Dienstempf\u00e4nger, die die Website nutzen, die allgemein anerkannten Regeln einhalten <a href=\"https:\/\/nety.pl\/cyberbezpieczenstwo\/zasady-ogolne-korzystania-z-sieci-internet\/\">Online-Sicherheitsregeln<\/a>,<\/li>\n<li>Von Dienstleistungsempf\u00e4ngern pers\u00f6nlich durchgef\u00fchrte Aktivit\u00e4ten oder die Nutzung von Software sind verboten:\n<ul>\n<li>ohne schriftliche Zustimmung Dekompilierung und Analyse des Quellcodes,<\/li>\n<li>ohne schriftliche Zustimmung, was zu einer \u00fcberm\u00e4\u00dfigen Belastung des Servers der Website f\u00fchrt,<\/li>\n<li>ohne schriftliche Zustimmung Versuche, Sicherheitsl\u00fccken in der Website und Serverkonfiguration zu erkennen,<\/li>\n<li>der Versuch, Code, Skripte und Software auf den Server und die Datenbank hochzuladen oder zu initiieren, was zu Sch\u00e4den an der Software der Website, anderen Serviceempf\u00e4ngern oder dem Serviceanbieter f\u00fchren k\u00f6nnte,<\/li>\n<li>Versuch, Code, Skripte und Software auf den Server und die Datenbank hochzuladen oder zu initiieren, die Daten von Dienstnutzern oder dem Dienstanbieter verfolgen oder stehlen k\u00f6nnten,<\/li>\n<li>Ergreifen von Ma\u00dfnahmen, die darauf abzielen, den Betrieb der Website zu sch\u00e4digen oder zu blockieren oder das Erreichen des Zwecks, f\u00fcr den die Website betrieben wird, zu verhindern.<\/li>\n<\/ul>\n<\/li>\n<li>Wenn ein Cybersicherheitsvorfall oder ein Versto\u00df gegen die DSGVO festgestellt wird oder wahrscheinlich auftritt, sollten Serviceempf\u00e4nger diesen Umstand zun\u00e4chst dem Serviceanbieter melden, um das Problem\/die Bedrohung schnell zu beseitigen und die Interessen aller Serviceempf\u00e4nger der Website zu sch\u00fctzen.<\/li>\n<\/ul>\n<h2>IV. Anmeldebedingungen<\/h2>\n<ul>\n<li>Leistungsempf\u00e4nger k\u00f6nnen die Website nutzen, ohne dass eine Registrierung erforderlich ist.<\/li>\n<li>Serviceempf\u00e4nger m\u00fcssen registriert sein und \u00fcber ein Konto auf der Website verf\u00fcgen, um zus\u00e4tzliche auf der Website bereitgestellte Dienste nutzen zu k\u00f6nnen, die nur Serviceempf\u00e4ngern nach der Anmeldung zur Verf\u00fcgung stehen.<\/li>\n<li>Die Registrierung auf der Website ist freiwillig.<\/li>\n<li>Die Registrierung auf der Website ist kostenlos.<\/li>\n<li>Jeder Serviceempf\u00e4nger darf nur ein Konto auf der Website haben.<\/li>\n<li>Technische Voraussetzungen f\u00fcr die Registrierung eines Kontos:\n<ul>\n<li>\u00fcber ein individuelles E-Mail-Konto verf\u00fcgen,<\/li>\n<\/ul>\n<\/li>\n<li>Dienstleistungsempf\u00e4nger, die sich auf der Website registrieren, stimmen der Verarbeitung ihrer personenbezogenen Daten durch den Dienstleistungsempf\u00e4nger in dem Umfang zu, in dem sie w\u00e4hrend des Registrierungsprozesses auf der Website eingegeben wurden, und deren anschlie\u00dfender \u00c4nderung oder L\u00f6schung.<\/li>\n<li>Der Dienstanbieter hat das Recht, die Konten der Dienstnutzer nach eigenem Ermessen zu sperren oder zu l\u00f6schen und so den Zugang zu einzelnen oder allen Diensten, Inhalten, Materialien und Ressourcen der Website zu verhindern oder einzuschr\u00e4nken, insbesondere wenn der Dienstnutzer gegen die Bestimmungen verst\u00f6\u00dft. allgemein anwendbare Rechtsvorschriften, Grunds\u00e4tze des gesellschaftlichen Zusammenlebens oder Handlungen zum Nachteil des Dienstleisters oder anderer Dienstleister, das berechtigte Interesse des Dienstleisters und Dritter, die mit dem Dienstleister zusammenarbeiten oder nicht.<\/li>\n<li>Alle Dienste der Website k\u00f6nnen nach Ermessen des Dienstanbieters in ihrem Inhalt und Umfang ge\u00e4ndert, hinzugef\u00fcgt oder gestrichen sowie vor\u00fcbergehend ausgesetzt oder der Zugriff darauf eingeschr\u00e4nkt werden, ohne dass die Dienstnutzer hiergegen Einw\u00e4nde erheben k\u00f6nnen betrachten.<\/li>\n<li>Zus\u00e4tzliche Sicherheitsregeln bez\u00fcglich der Nutzung des Kontos:\n<ul>\n<li>Auf der Website registrierten Servicenutzern ist es untersagt, den Benutzernamen und das Passwort ihres Kontos an Dritte weiterzugeben.<\/li>\n<li>Der Dienstanbieter hat kein Recht und wird niemals das Passwort des Dienstbenutzers f\u00fcr das ausgew\u00e4hlte Konto anfordern.<\/li>\n<\/ul>\n<\/li>\n<li>Konten l\u00f6schen:\n<ul>\n<li>Jeder Servicenutzer, der \u00fcber ein Konto auf der Website verf\u00fcgt, hat die M\u00f6glichkeit, das Konto selbstst\u00e4ndig von der Website zu l\u00f6schen.<\/li>\n<li>Leistungsempf\u00e4nger k\u00f6nnen dies tun, nachdem sie sich im Panel auf der Website angemeldet haben.<\/li>\n<li>Das L\u00f6schen des Kontos f\u00fchrt zur L\u00f6schung aller Identifikationsdaten des Servicenutzers und zur Anonymisierung des Benutzernamens und der E-Mail-Adresse.<\/li>\n<\/ul>\n<\/li>\n<\/ul>\n<h2>V. Kommunikationsbedingungen und Bereitstellung anderer Dienste auf der Website<\/h2>\n<ul>\n<li>Die Website stellt Dienste und Tools bereit, die es Dienstnutzern erm\u00f6glichen, mit der Website zu interagieren, und zwar in Form von:\n<ul>\n<li>Kontakt Formular<\/li>\n<li>Ver\u00f6ffentlichung eigener Inhalte in Form von grafischen und multimedialen Materialien<\/li>\n<\/ul>\n<\/li>\n<li>Auf der Website finden Sie Kontaktdaten in Form von:\n<ul>\n<li>E-Mail-Adresse<\/li>\n<li>Kontakt Telefonnummer<\/li>\n<\/ul>\n<\/li>\n<li>Wenn der Dienstempf\u00e4nger den Dienstanbieter kontaktiert, werden die personenbezogenen Daten des Dienstempf\u00e4ngers gem\u00e4\u00df \u201e<a href=\"https:\/\/www.dworekmarmis.pl\/de\/datenschutzbestimmungen-2\/\">Datenschutzrichtlinie<\/a>&quot;, die einen integralen Bestandteil der Verordnung bilden.<\/li>\n<li>Bedingungen f\u00fcr die Platzierung von Inhalten durch Serviceempf\u00e4nger auf der Website:\n<ul>\n<li>Es ist verboten, auf der Website Inhalte zu ver\u00f6ffentlichen, die gegen\u00fcber dem Dienstanbieter, anderen Dienstnutzern, Dritten und Dritten beleidigend oder verleumderisch sind.<\/li>\n<li>Es ist verboten, Texte, Grafiken, audiovisuelle Materialien, Skripte, Programme und andere Werke auf der Website zu platzieren, f\u00fcr die der Servicenutzer keine Lizenz besitzt oder deren Urheber der Eigentumsrechte der kostenlosen Ver\u00f6ffentlichung nicht zugestimmt hat.<\/li>\n<li>Es ist verboten, auf der Website vulg\u00e4re, pornografische, erotische oder mit polnischem und europ\u00e4ischem Recht unvereinbare Inhalte sowie Links zu Websites mit den angegebenen Inhalten zu ver\u00f6ffentlichen.<\/li>\n<li>Es ist verboten, auf der Website Skripte und Programme zu platzieren, die den Server \u00fcberm\u00e4\u00dfig belasten, illegale Software, Software, die die Sicherheit verletzen soll, oder \u00e4hnliche Aktivit\u00e4ten sowie Links zu Websites, die die angegebenen Materialien enthalten.<\/li>\n<li>Es ist verboten, auf der Website Marketinginhalte oder Inhalte zu ver\u00f6ffentlichen, die f\u00fcr andere kommerzielle Websites, Produkte, Dienstleistungen oder kommerzielle Websites werben.<\/li>\n<\/ul>\n<\/li>\n<\/ul>\n<h2>VI. Sammlung von Daten \u00fcber Serviceempf\u00e4nger<\/h2>\n<p>Um die Dienste \u00fcber die Website ordnungsgem\u00e4\u00df bereitzustellen, das rechtliche Interesse des Dienstanbieters zu wahren und die Einhaltung des geltenden Rechts beim Betrieb der Website sicherzustellen, erhebt und verarbeitet der Dienstanbieter \u00fcber die Website bestimmte Daten \u00fcber Benutzer.<\/p>\n<p>Um die Dienste ordnungsgem\u00e4\u00df bereitstellen zu k\u00f6nnen, verwendet und speichert die Website einige anonyme Informationen \u00fcber den Dienstnutzer in Cookies.<\/p>\n<p>Umfang, Zwecke, Methode und Grunds\u00e4tze der Datenverarbeitung sind den Anh\u00e4ngen der Verordnungen zu entnehmen: \u201e<a href=\"https:\/\/www.dworekmarmis.pl\/de\/datenschutzbestimmungen-2\/\">DSGVO-Informationspflicht<\/a>&quot; und in &quot;<a href=\"https:\/\/www.dworekmarmis.pl\/de\/datenschutzbestimmungen-2\/\">Datenschutzrichtlinie<\/a>&quot;, die einen integralen Bestandteil der Verordnung bilden.<\/p>\n<ul>\n<li><em>Automatisch erfasste Daten:<\/em><br \/>\nF\u00fcr den effizienten Betrieb der Website und f\u00fcr Statistiken erfassen wir automatisch einige Daten \u00fcber den Servicenutzer. Zu diesen Daten geh\u00f6ren:<\/p>\n<ul>\n<li>IP Adresse<\/li>\n<li>Browsertyp<\/li>\n<li>Bildschirmaufl\u00f6sung<\/li>\n<li>Ungef\u00e4hrer Standort<\/li>\n<li>Ge\u00f6ffnete Unterseiten der Website<\/li>\n<li>Verweildauer auf der entsprechenden Unterseite der Website<\/li>\n<li>Art des Betriebssystems<\/li>\n<li>Adresse der vorherigen Unterseite<\/li>\n<li>Referrer-Adresse<\/li>\n<li>Browsersprache<\/li>\n<li>Geschwindigkeit der Internetverbindung<\/li>\n<li>Internetanbieter<\/li>\n<li>Anonyme demografische Daten basierend auf Google Analytics-Daten:\n<ul>\n<li>Sex<\/li>\n<li>Alter<\/li>\n<li>Interessen<\/li>\n<\/ul>\n<\/li>\n<\/ul>\n<p>Die oben genannten Daten werden \u00fcber das Google Analytics-Skript erfasst und sind anonym.<\/li>\n<li><em>Bei der Registrierung erhobene Daten:<\/em><br \/>\nBenutzername, Vor- und Nachname, E-Mail-Adresse Bei eingeloggten Servicenutzern (die \u00fcber ein Konto auf der Website verf\u00fcgen) kann die mit dem Konto des Servicenutzers verkn\u00fcpfte ID des Servicenutzers in den im Service gespeicherten Cookies enthalten sein Ger\u00e4t des Benutzers.<\/li>\n<\/ul>\n<h2>VII. Urheberrechte \u00a9<\/h2>\n<ul>\n<li>Der Eigent\u00fcmer der Website und das Urheberrecht an der Website ist der Dienstanbieter.<\/li>\n<li>Einige der auf der Website ver\u00f6ffentlichten Daten unterliegen dem Urheberrecht von Unternehmen, Institutionen und Dritten, die in keiner Weise mit dem Dienstanbieter verbunden sind, und werden auf der Grundlage erworbener Lizenzen oder einer kostenlosen Lizenz verwendet.<\/li>\n<li>Gem\u00e4\u00df dem Urheberrechtsgesetz vom 4. Februar 1994 ist es verboten, Artikel zu verwenden, zu kopieren, in irgendeiner Form zu reproduzieren oder in Suchsystemen zu speichern, mit Ausnahme der Suchmaschinen Google, Bing, Yahoo, NetSprint, DuckDuckGo, Facebook und LinkedIn. Beschreibungen, Fotos und andere auf der Website enthaltene Inhalte, Grafiken, Video- oder Audiomaterialien ohne die schriftliche oder \u00fcber elektronische Kommunikation \u00fcbermittelte Zustimmung ihres rechtm\u00e4\u00dfigen Eigent\u00fcmers.<\/li>\n<li>Gem\u00e4\u00df dem Urheberrechtsgesetz vom 4. Februar 1994 sind einfache Presseinformationen, verstanden als reine Informationen ohne Kommentar oder Bewertung durch den Autor, nicht gesch\u00fctzt. Der Autor versteht darunter die M\u00f6glichkeit, Informationen aus auf der Website ver\u00f6ffentlichten Texten zu verwenden, jedoch nicht alle oder Teile der Artikel zu kopieren, es sei denn, dies wurde in den einzelnen auf der Website verf\u00fcgbaren Materialien gekennzeichnet.<\/li>\n<\/ul>\n<h2>VIII. \u00c4nderungen der Verordnungen<\/h2>\n<ul>\n<li>Alle Bestimmungen der Gesch\u00e4ftsordnung k\u00f6nnen vom Dienstleister jederzeit und ohne Angabe von Gr\u00fcnden einseitig ge\u00e4ndert werden.<\/li>\n<li>Informationen \u00fcber \u00c4nderungen der Gesch\u00e4ftsordnung werden elektronisch an die auf der Website registrierten Servicenutzer gesendet.<\/li>\n<li>Im Falle einer \u00c4nderung der Gesch\u00e4ftsordnung treten deren Bestimmungen unmittelbar nach ihrer Ver\u00f6ffentlichung f\u00fcr Servicenutzer in Kraft, die kein Konto auf der Website haben.<\/li>\n<li>Im Falle einer \u00c4nderung der Gesch\u00e4ftsordnung treten deren Bestimmungen mit einer 7-t\u00e4gigen \u00dcbergangsfrist f\u00fcr Servicenutzer in Kraft, die vor der \u00c4nderung der Gesch\u00e4ftsordnung ein Konto auf der Website registriert haben.<\/li>\n<li>Es wird davon ausgegangen, dass jeder Dienstleistungsempf\u00e4nger, der die Website nach der \u00c4nderung der Bestimmungen weiterhin nutzt, diese in vollem Umfang akzeptiert.<\/li>\n<\/ul>\n<h2>IX. Schlussbestimmungen<\/h2>\n<ul>\n<li>Der Dienstanbieter ist in keiner Weise verantwortlich, sofern dies nicht gesetzlich zul\u00e4ssig ist, f\u00fcr die von den Dienstempf\u00e4ngern auf der Website \u00fcbermittelten und ver\u00f6ffentlichten Inhalte, f\u00fcr deren Wahrhaftigkeit, Zuverl\u00e4ssigkeit, Authentizit\u00e4t oder Rechtsm\u00e4ngel.<\/li>\n<li>Der Dienstanbieter wird alle Anstrengungen unternehmen, um sicherzustellen, dass die Dienste der Website kontinuierlich angeboten werden. Sie haftet jedoch nicht f\u00fcr St\u00f6rungen, die durch h\u00f6here Gewalt oder unbefugte Eingriffe von Servicenutzern, Dritten oder den Betrieb externer automatischer Programme verursacht werden.<\/li>\n<li>Der Dienstanbieter beh\u00e4lt sich das Recht vor, die auf der Website ver\u00f6ffentlichten Informationen zu einem vom Dienstanbieter gew\u00e4hlten Zeitpunkt zu \u00e4ndern, ohne dass dies den Dienstnutzern, die die Dienste der Website nutzen, im Voraus mitgeteilt werden muss.<\/li>\n<li>Der Dienstanbieter beh\u00e4lt sich das Recht vor, die Website ohne vorherige Ank\u00fcndigung an die Dienstnutzer vor\u00fcbergehend, ganz oder teilweise zu deaktivieren, um sie zu verbessern, Dienste hinzuzuf\u00fcgen oder Wartungsarbeiten durchzuf\u00fchren.<\/li>\n<li>Der Dienstanbieter beh\u00e4lt sich das Recht vor, die Website ohne vorherige Ank\u00fcndigung an die Dienstnutzer dauerhaft zu deaktivieren.<\/li>\n<li>Der Dienstanbieter beh\u00e4lt sich das Recht vor, alle seine Rechte und Pflichten im Zusammenhang mit der Website ganz oder teilweise abzutreten, ohne dass die Dienstnutzer ihre Zustimmung einholen oder Einw\u00e4nde erheben k\u00f6nnen.<\/li>\n<li>Die aktuellen und fr\u00fcheren Bestimmungen der Website finden Sie auf dieser Unterseite unter den aktuellen Bestimmungen.<\/li>\n<li>In allen Angelegenheiten im Zusammenhang mit dem Betrieb der Website wenden Sie sich bitte \u00fcber eines der folgenden Kontaktformulare an den Dienstanbieter:\n<ul>\n<li>\u00dcber das auf der Website verf\u00fcgbare Kontaktformular<\/li>\n<li>Durch Senden einer Nachricht an die folgende E-Mail-Adresse: info@marmis-apartments.com<\/li>\n<li>Unter der Nummer: +48 516 53 53 73<\/li>\n<\/ul>\n<p>Die Kontaktaufnahme erfolgt ausschlie\u00dflich \u00fcber die angegebenen Kommunikationsmittel in Angelegenheiten im Zusammenhang mit der Website.<\/li>\n<\/ul>\n<\/article>\n\n\t\t<\/div>\n\t<\/div>\n<\/div><\/div><\/div><\/div><div class=\"vc_row wpb_row vc_row-fluid\"><div class=\"wpb_column vc_column_container vc_col-sm-12\"><div class=\"vc_column-inner\"><div class=\"wpb_wrapper\">\n\t<div class=\"wpb_text_column wpb_content_element\" >\n\t\t<div class=\"wpb_wrapper\">\n\t\t\t<p>Wir verwenden das Einwilligungstool &quot;Real Cookie Banner&quot;, um die verwendeten Cookies und &auml;hnlichen Technologien (Z&auml;hlpixel, Beacons, etc.) und die damit verbundenen Einwilligungen zu verwalten. Einzelheiten zur Funktionsweise des &quot;Real Cookie Banner&quot; finden Sie unter. &lt;a href=&quot;\/de\/%e2%80%9dhttps%3a\/\/devowl.io\/de\/rcb\/datenverarbeitung\/%e2%80%9d\/&quot; rel=&quot;&rdquo;noreferrer&rdquo;&quot; target=&quot;&rdquo;_blank&rdquo;&quot;&gt;<a href=\"https:\/\/devowl.io\/de\/rcb\/datenverarbeitung\/\" target=\"_new\" rel=\"noopener\">https:\/\/devowl.io\/de\/rcb\/datenverarbeitung\/<\/a>&lt;\/a&gt;.<\/p>\n<p>Die Rechtsgrundlagen f\u00fcr die Verarbeitung personenbezogener Daten in diesem Zusammenhang sind Artikel 6 Absatz 1 Buchstabe c) RODO und Artikel 6 Absatz 1 Buchstabe f) RODO. Unser berechtigtes Interesse ist die Verwaltung der verwendeten Cookies, \u00e4hnlicher Technologien und damit verbundener Einwilligungen.<\/p>\n<p>Die Bereitstellung personenbezogener Daten ist weder ein vertragliches Erfordernis noch f\u00fcr den Abschluss eines Vertrages notwendig. Sie sind nicht verpflichtet, personenbezogene Daten bereitzustellen. Wenn Sie keine personenbezogenen Daten bereitstellen, k\u00f6nnen wir Ihre Einwilligungen nicht verwalten.<\/p>\n\n\t\t<\/div>\n\t<\/div>\n<\/div><\/div><\/div><\/div>\n<\/div>","protected":false},"excerpt":{"rendered":"Dworek Marmis Grudza 44 59-630 Mirsk Servicebedingungen I. Allgemeine Gesch\u00e4ftsbedingungen - diese Gesch\u00e4ftsbedingungen Service - die Dworek Marmis Website, die unter der Adresse dworekmarmis.pl Service Provider - der Eigent\u00fcmer der Website ist eine nat\u00fcrliche Person Service Empf\u00e4nger - jede nat\u00fcrliche Person, die Zugriff auf die Website und die Nutzung der Dienstleistungen, die \u00fcber die Website durch den Service Provider. Elektronische Kommunikation - ...","protected":false},"author":1,"featured_media":255,"parent":0,"menu_order":0,"comment_status":"closed","ping_status":"closed","template":"","meta":{"_acf_changed":false,"footnotes":""},"class_list":["post-3","page","type-page","status-publish","has-post-thumbnail","hentry"],"acf":[],"aioseo_notices":[],"_links":{"self":[{"href":"https:\/\/www.dworekmarmis.pl\/de\/wp-json\/wp\/v2\/pages\/3","targetHints":{"allow":["GET"]}}],"collection":[{"href":"https:\/\/www.dworekmarmis.pl\/de\/wp-json\/wp\/v2\/pages"}],"about":[{"href":"https:\/\/www.dworekmarmis.pl\/de\/wp-json\/wp\/v2\/types\/page"}],"author":[{"embeddable":true,"href":"https:\/\/www.dworekmarmis.pl\/de\/wp-json\/wp\/v2\/users\/1"}],"replies":[{"embeddable":true,"href":"https:\/\/www.dworekmarmis.pl\/de\/wp-json\/wp\/v2\/comments?post=3"}],"version-history":[{"count":15,"href":"https:\/\/www.dworekmarmis.pl\/de\/wp-json\/wp\/v2\/pages\/3\/revisions"}],"predecessor-version":[{"id":2516,"href":"https:\/\/www.dworekmarmis.pl\/de\/wp-json\/wp\/v2\/pages\/3\/revisions\/2516"}],"wp:featuredmedia":[{"embeddable":true,"href":"https:\/\/www.dworekmarmis.pl\/de\/wp-json\/wp\/v2\/media\/255"}],"wp:attachment":[{"href":"https:\/\/www.dworekmarmis.pl\/de\/wp-json\/wp\/v2\/media?parent=3"}],"curies":[{"name":"wp","href":"https:\/\/api.w.org\/{rel}","templated":true}]}}