{"id":1933,"date":"2024-01-09T13:21:02","date_gmt":"2024-01-09T12:21:02","guid":{"rendered":"https:\/\/dworekmarmis.simonmista.de\/?page_id=1933"},"modified":"2026-01-27T08:07:56","modified_gmt":"2026-01-27T07:07:56","slug":"gemeinsames-wohnzimmer","status":"publish","type":"page","link":"https:\/\/www.dworekmarmis.pl\/de\/wspolny-salon\/","title":{"rendered":"Wohnzimmer, G\u00e4stek\u00fcche"},"content":{"rendered":"<div class=\"wpb-content-wrapper\"><div class=\"vc_row wpb_row vc_row-fluid\"><div class=\"wpb_column vc_column_container vc_col-sm-12\"><div class=\"vc_column-inner\"><div class=\"wpb_wrapper\">\n\t<div class=\"wpb_text_column wpb_content_element\" >\n\t\t<div class=\"wpb_wrapper\">\n\t\t\t<p>Das Wohnzimmer mit seinen Holzelementen und Steinw\u00e4nden strahlt Gem\u00fctlichkeit und Eleganz aus. Ein gro\u00dfer antiker Klapptisch f\u00fcr 12 Personen bildet den Mittelpunkt des Raumes und ist der perfekte Ort f\u00fcr gemeinsame Treffen und Mahlzeiten. Bequeme Sessel laden zum Entspannen ein, und eine Reihe von Brettspielen bietet Unterhaltung f\u00fcr Kinder und Erwachsene. Eine Kinoleinwand erm\u00f6glicht das bequeme Anschauen von Filmen und bietet hochwertige Unterhaltung. Die Kombination von Holz- und Steinelementen verleiht dem Wohnzimmer Charakter und verbindet harmonisch Funktionalit\u00e4t und \u00c4sthetik.<\/p>\n<p>Die G\u00e4stek\u00fcche ist der Ort, an dem die Bewohner gemeinsam kochen.<\/p>\n<p>Sie werden finden:<\/p>\n\n\t\t<\/div>\n\t<\/div>\n<\/div><\/div><\/div><\/div><div class=\"vc_row wpb_row vc_row-fluid\"><div class=\"wpb_column vc_column_container vc_col-sm-12\"><div class=\"vc_column-inner\"><div class=\"wpb_wrapper\">\n\t<div class=\"wpb_text_column wpb_content_element\" >\n\t\t<div class=\"wpb_wrapper\">\n\t\t\t<ul>\n<li>Elektroherd<\/li>\n<li>Geschirrsp\u00fcler<\/li>\n<li>Mikrowelle<\/li>\n<li>Kaffeemaschine<\/li>\n<li>elektrischer Wasserkocher<\/li>\n<li>Toaster<\/li>\n<li>K\u00fchlschrank<\/li>\n<li>Grundgew\u00fcrze<\/li>\n<\/ul>\n<p>&nbsp;<\/p>\n<p>Veranstaltungen im Gemeinschaftsraum sind nur nach vorheriger Absprache mit dem Eigent\u00fcmer und gegen eine zus\u00e4tzliche Geb\u00fchr von 500 PLN pro Tag gestattet.<\/p>\n\n\t\t<\/div>\n\t<\/div>\n<\/div><\/div><\/div><\/div><div class=\"vc_row wpb_row vc_row-fluid\"><div class=\"wpb_column vc_column_container vc_col-sm-12\"><div class=\"vc_column-inner\"><div class=\"wpb_wrapper\">\t\t\t<div class=\"simonmista_slideshow\">\r\n\t\t\t\t<div class=\"simonmista_slideshow__owl simonmista_slideshow__owl__1 owl-carousel owl-stage-overflow\" data-owl-options='{\"loop\":\"true\",\"margin\":1,\"autoHeight\":false,\"slideTransition\":\"\",\"center\":false,\"nav\":false,\"dots\":false,\"stagePadding\":\"0\",\"autoWidth\":false,\"rtl\":false,\"autoplaySpeed\":false,\"autoplay\":false,\"responsiveClass\":true,\"autoplayTimeout\":\"5000\",\"autoplayHoverPause\":false,\"responsive\":{\"0\":{\"items\":\"1\"},\"768\":{\"items\":\"2\"},\"992\":{\"items\":\"3\"}}}'>\r\n\t\t\t\t\t\t\t\t\t\t\t\t\t<div class=\"simonmista_slideshow__item\"  style=\"background-color:\">\r\n\t\t\t\t\n\t<div  class=\"wpb_single_image wpb_content_element vc_align_left wpb_content_element\">\n\t\t\n\t\t<figure class=\"wpb_wrapper vc_figure\">\n\t\t\t<div class=\"vc_single_image-wrapper   vc_box_border_grey\"><img decoding=\"async\" width=\"2048\" height=\"2048\" src=\"https:\/\/www.dworekmarmis.pl\/app\/uploads\/2025\/05\/20230401_175153-scaled.jpg\" class=\"vc_single_image-img attachment-full\" alt=\"Gem\u00fctliches Interieur mit Steinw\u00e4nden, Holzbalken, einem Tisch mit St\u00fchlen und zwei Sesseln am Fenster.\" title=\"20230401_175153\" srcset=\"https:\/\/www.dworekmarmis.pl\/app\/uploads\/2025\/05\/20230401_175153-scaled.jpg 2048w, https:\/\/www.dworekmarmis.pl\/app\/uploads\/2025\/05\/20230401_175153-300x300.jpg 300w, https:\/\/www.dworekmarmis.pl\/app\/uploads\/2025\/05\/20230401_175153-1024x1024.jpg 1024w, https:\/\/www.dworekmarmis.pl\/app\/uploads\/2025\/05\/20230401_175153-150x150.jpg 150w, https:\/\/www.dworekmarmis.pl\/app\/uploads\/2025\/05\/20230401_175153-768x768.jpg 768w, https:\/\/www.dworekmarmis.pl\/app\/uploads\/2025\/05\/20230401_175153-1536x1536.jpg 1536w, https:\/\/www.dworekmarmis.pl\/app\/uploads\/2025\/05\/20230401_175153-12x12.jpg 12w\" sizes=\"(max-width: 2048px) 100vw, 2048px\" \/><\/div>\n\t\t<\/figure>\n\t<\/div>\n\t\t\t<\/div>\r\n\t\t\t<div class=\"simonmista_slideshow__item\"  style=\"background-color:\">\r\n\t\t\t\t\n\t<div  class=\"wpb_single_image wpb_content_element vc_align_left wpb_content_element\">\n\t\t\n\t\t<figure class=\"wpb_wrapper vc_figure\">\n\t\t\t<div class=\"vc_single_image-wrapper   vc_box_border_grey\"><img decoding=\"async\" width=\"2048\" height=\"2048\" src=\"https:\/\/www.dworekmarmis.pl\/app\/uploads\/2022\/05\/20230401_175603-scaled.jpg\" class=\"vc_single_image-img attachment-full\" alt=\"Vier helle Sessel um einen runden Holztisch, daneben eine Lampe und ein Spinnrad.\" title=\"20230401_175603\" srcset=\"https:\/\/www.dworekmarmis.pl\/app\/uploads\/2022\/05\/20230401_175603-scaled.jpg 2048w, https:\/\/www.dworekmarmis.pl\/app\/uploads\/2022\/05\/20230401_175603-300x300.jpg 300w, https:\/\/www.dworekmarmis.pl\/app\/uploads\/2022\/05\/20230401_175603-1024x1024.jpg 1024w, https:\/\/www.dworekmarmis.pl\/app\/uploads\/2022\/05\/20230401_175603-150x150.jpg 150w, https:\/\/www.dworekmarmis.pl\/app\/uploads\/2022\/05\/20230401_175603-768x768.jpg 768w, https:\/\/www.dworekmarmis.pl\/app\/uploads\/2022\/05\/20230401_175603-1536x1536.jpg 1536w, https:\/\/www.dworekmarmis.pl\/app\/uploads\/2022\/05\/20230401_175603-12x12.jpg 12w, https:\/\/www.dworekmarmis.pl\/app\/uploads\/2022\/05\/20230401_175603-600x600.jpg 600w, https:\/\/www.dworekmarmis.pl\/app\/uploads\/2022\/05\/20230401_175603-100x100.jpg 100w\" sizes=\"(max-width: 2048px) 100vw, 2048px\" \/><\/div>\n\t\t<\/figure>\n\t<\/div>\n\t\t\t<\/div>\r\n\t\t\t<div class=\"simonmista_slideshow__item\"  style=\"background-color:\">\r\n\t\t\t\t\n\t<div  class=\"wpb_single_image wpb_content_element vc_align_left wpb_content_element\">\n\t\t\n\t\t<figure class=\"wpb_wrapper vc_figure\">\n\t\t\t<div class=\"vc_single_image-wrapper   vc_box_border_grey\"><img decoding=\"async\" width=\"2048\" height=\"2048\" src=\"https:\/\/www.dworekmarmis.pl\/app\/uploads\/2025\/12\/20251206_111700-scaled.jpg\" class=\"vc_single_image-img attachment-full\" alt=\"G\u00e4stek\u00fcche mit wei\u00dfen Schr\u00e4nken, Backofen, Mikrowelle und Holzarbeitsplatte. Holzfu\u00dfboden und Dachfenster.\" title=\"20251206_111700\" srcset=\"https:\/\/www.dworekmarmis.pl\/app\/uploads\/2025\/12\/20251206_111700-scaled.jpg 2048w, https:\/\/www.dworekmarmis.pl\/app\/uploads\/2025\/12\/20251206_111700-300x300.jpg 300w, https:\/\/www.dworekmarmis.pl\/app\/uploads\/2025\/12\/20251206_111700-1024x1024.jpg 1024w, https:\/\/www.dworekmarmis.pl\/app\/uploads\/2025\/12\/20251206_111700-150x150.jpg 150w, https:\/\/www.dworekmarmis.pl\/app\/uploads\/2025\/12\/20251206_111700-768x768.jpg 768w, https:\/\/www.dworekmarmis.pl\/app\/uploads\/2025\/12\/20251206_111700-1536x1536.jpg 1536w, https:\/\/www.dworekmarmis.pl\/app\/uploads\/2025\/12\/20251206_111700-12x12.jpg 12w\" sizes=\"(max-width: 2048px) 100vw, 2048px\" \/><\/div>\n\t\t<\/figure>\n\t<\/div>\n\t\t\t<\/div>\r\n\t\t\t<div class=\"simonmista_slideshow__item\"  style=\"background-color:\">\r\n\t\t\t\t\n\t<div  class=\"wpb_single_image wpb_content_element vc_align_left wpb_content_element\">\n\t\t\n\t\t<figure class=\"wpb_wrapper vc_figure\">\n\t\t\t<div class=\"vc_single_image-wrapper   vc_box_border_grey\"><img decoding=\"async\" width=\"2048\" height=\"2048\" src=\"https:\/\/www.dworekmarmis.pl\/app\/uploads\/2025\/12\/20251223_144617-scaled.jpg\" class=\"vc_single_image-img attachment-full\" alt=\"Eine gem\u00fctliche Ecke im Dworek Marmis mit einer wei\u00dfen Backsteinwand, einem Sofa und Sesseln sowie einem Bild im Hintergrund.\" title=\"20251223_144617\" srcset=\"https:\/\/www.dworekmarmis.pl\/app\/uploads\/2025\/12\/20251223_144617-scaled.jpg 2048w, https:\/\/www.dworekmarmis.pl\/app\/uploads\/2025\/12\/20251223_144617-300x300.jpg 300w, https:\/\/www.dworekmarmis.pl\/app\/uploads\/2025\/12\/20251223_144617-1024x1024.jpg 1024w, https:\/\/www.dworekmarmis.pl\/app\/uploads\/2025\/12\/20251223_144617-150x150.jpg 150w, https:\/\/www.dworekmarmis.pl\/app\/uploads\/2025\/12\/20251223_144617-768x768.jpg 768w, https:\/\/www.dworekmarmis.pl\/app\/uploads\/2025\/12\/20251223_144617-1536x1536.jpg 1536w, https:\/\/www.dworekmarmis.pl\/app\/uploads\/2025\/12\/20251223_144617-12x12.jpg 12w\" sizes=\"(max-width: 2048px) 100vw, 2048px\" \/><\/div>\n\t\t<\/figure>\n\t<\/div>\n\t\t\t<\/div>\r\n\t\t\t<div class=\"simonmista_slideshow__item\"  style=\"background-color:\">\r\n\t\t\t\t\n\t<div  class=\"wpb_single_image wpb_content_element vc_align_left wpb_content_element\">\n\t\t\n\t\t<figure class=\"wpb_wrapper vc_figure\">\n\t\t\t<div class=\"vc_single_image-wrapper   vc_box_border_grey\"><img decoding=\"async\" width=\"2048\" height=\"2048\" src=\"https:\/\/www.dworekmarmis.pl\/app\/uploads\/2025\/12\/20251206_111746-scaled.jpg\" class=\"vc_single_image-img attachment-full\" alt=\"Helles Zimmer mit Holzboden, Fenster mit Jalousien, Kleiderschrank und Dekokorb.\" title=\"20251206_111746\" srcset=\"https:\/\/www.dworekmarmis.pl\/app\/uploads\/2025\/12\/20251206_111746-scaled.jpg 2048w, https:\/\/www.dworekmarmis.pl\/app\/uploads\/2025\/12\/20251206_111746-300x300.jpg 300w, https:\/\/www.dworekmarmis.pl\/app\/uploads\/2025\/12\/20251206_111746-1024x1024.jpg 1024w, https:\/\/www.dworekmarmis.pl\/app\/uploads\/2025\/12\/20251206_111746-150x150.jpg 150w, https:\/\/www.dworekmarmis.pl\/app\/uploads\/2025\/12\/20251206_111746-768x768.jpg 768w, https:\/\/www.dworekmarmis.pl\/app\/uploads\/2025\/12\/20251206_111746-1536x1536.jpg 1536w, https:\/\/www.dworekmarmis.pl\/app\/uploads\/2025\/12\/20251206_111746-12x12.jpg 12w\" sizes=\"(max-width: 2048px) 100vw, 2048px\" \/><\/div>\n\t\t<\/figure>\n\t<\/div>\n\t\t\t<\/div>\r\n\t\t\t<div class=\"simonmista_slideshow__item\"  style=\"background-color:\">\r\n\t\t\t\t\n\t<div  class=\"wpb_single_image wpb_content_element vc_align_left wpb_content_element\">\n\t\t\n\t\t<figure class=\"wpb_wrapper vc_figure\">\n\t\t\t<div class=\"vc_single_image-wrapper   vc_box_border_grey\"><img decoding=\"async\" width=\"2048\" height=\"2048\" src=\"https:\/\/www.dworekmarmis.pl\/app\/uploads\/2025\/12\/20251206_111652-scaled.jpg\" class=\"vc_single_image-img attachment-full\" alt=\"G\u00e4stek\u00fcche mit Oberlicht, wei\u00dfen M\u00f6beln und gelben Schr\u00e4nken, ausgestattet mit Ger\u00e4ten.\" title=\"20251206_111652\" srcset=\"https:\/\/www.dworekmarmis.pl\/app\/uploads\/2025\/12\/20251206_111652-scaled.jpg 2048w, https:\/\/www.dworekmarmis.pl\/app\/uploads\/2025\/12\/20251206_111652-300x300.jpg 300w, https:\/\/www.dworekmarmis.pl\/app\/uploads\/2025\/12\/20251206_111652-1024x1024.jpg 1024w, https:\/\/www.dworekmarmis.pl\/app\/uploads\/2025\/12\/20251206_111652-150x150.jpg 150w, https:\/\/www.dworekmarmis.pl\/app\/uploads\/2025\/12\/20251206_111652-768x768.jpg 768w, https:\/\/www.dworekmarmis.pl\/app\/uploads\/2025\/12\/20251206_111652-1536x1536.jpg 1536w, https:\/\/www.dworekmarmis.pl\/app\/uploads\/2025\/12\/20251206_111652-12x12.jpg 12w\" sizes=\"(max-width: 2048px) 100vw, 2048px\" \/><\/div>\n\t\t<\/figure>\n\t<\/div>\n\t\t\t<\/div>\r\n\t\t\t<div class=\"simonmista_slideshow__item\"  style=\"background-color:\">\r\n\t\t\t\t\n\t<div  class=\"wpb_single_image wpb_content_element vc_align_left wpb_content_element\">\n\t\t\n\t\t<figure class=\"wpb_wrapper vc_figure\">\n\t\t\t<div class=\"vc_single_image-wrapper   vc_box_border_grey\"><img decoding=\"async\" width=\"2048\" height=\"2048\" src=\"https:\/\/www.dworekmarmis.pl\/app\/uploads\/2025\/12\/20251206_111639-scaled.jpg\" class=\"vc_single_image-img attachment-full\" alt=\"G\u00e4stek\u00fcche mit Holzboden, Sp\u00fcle, Wasserkocher und Schr\u00e4nken in hellen Farben.\" title=\"20251206_111639\" srcset=\"https:\/\/www.dworekmarmis.pl\/app\/uploads\/2025\/12\/20251206_111639-scaled.jpg 2048w, https:\/\/www.dworekmarmis.pl\/app\/uploads\/2025\/12\/20251206_111639-300x300.jpg 300w, https:\/\/www.dworekmarmis.pl\/app\/uploads\/2025\/12\/20251206_111639-1024x1024.jpg 1024w, https:\/\/www.dworekmarmis.pl\/app\/uploads\/2025\/12\/20251206_111639-150x150.jpg 150w, https:\/\/www.dworekmarmis.pl\/app\/uploads\/2025\/12\/20251206_111639-768x768.jpg 768w, https:\/\/www.dworekmarmis.pl\/app\/uploads\/2025\/12\/20251206_111639-1536x1536.jpg 1536w, https:\/\/www.dworekmarmis.pl\/app\/uploads\/2025\/12\/20251206_111639-12x12.jpg 12w\" sizes=\"(max-width: 2048px) 100vw, 2048px\" \/><\/div>\n\t\t<\/figure>\n\t<\/div>\n\t\t\t<\/div>\r\n\t\t\t<div class=\"simonmista_slideshow__item\"  style=\"background-color:\">\r\n\t\t\t\t\n\t<div  class=\"wpb_single_image wpb_content_element vc_align_left wpb_content_element\">\n\t\t\n\t\t<figure class=\"wpb_wrapper vc_figure\">\n\t\t\t<div class=\"vc_single_image-wrapper   vc_box_border_grey\"><img decoding=\"async\" width=\"2048\" height=\"2048\" src=\"https:\/\/www.dworekmarmis.pl\/app\/uploads\/2022\/05\/20221228_185312-scaled.jpg\" class=\"vc_single_image-img attachment-full\" alt=\"Tisch und St\u00fchle im klassischen Stil in einem Raum mit Steinw\u00e4nden, Projektion einer Stra\u00dfe an der Wand.\" title=\"20221228_185312\" srcset=\"https:\/\/www.dworekmarmis.pl\/app\/uploads\/2022\/05\/20221228_185312-scaled.jpg 2048w, https:\/\/www.dworekmarmis.pl\/app\/uploads\/2022\/05\/20221228_185312-300x300.jpg 300w, https:\/\/www.dworekmarmis.pl\/app\/uploads\/2022\/05\/20221228_185312-1024x1024.jpg 1024w, https:\/\/www.dworekmarmis.pl\/app\/uploads\/2022\/05\/20221228_185312-150x150.jpg 150w, https:\/\/www.dworekmarmis.pl\/app\/uploads\/2022\/05\/20221228_185312-768x768.jpg 768w, https:\/\/www.dworekmarmis.pl\/app\/uploads\/2022\/05\/20221228_185312-1536x1536.jpg 1536w, https:\/\/www.dworekmarmis.pl\/app\/uploads\/2022\/05\/20221228_185312-12x12.jpg 12w, https:\/\/www.dworekmarmis.pl\/app\/uploads\/2022\/05\/20221228_185312-600x600.jpg 600w, https:\/\/www.dworekmarmis.pl\/app\/uploads\/2022\/05\/20221228_185312-100x100.jpg 100w\" sizes=\"(max-width: 2048px) 100vw, 2048px\" \/><\/div>\n\t\t<\/figure>\n\t<\/div>\n\t\t\t<\/div>\r\n\t\t\t<div class=\"simonmista_slideshow__item\"  style=\"background-color:\">\r\n\t\t\t\t\n\t<div  class=\"wpb_single_image wpb_content_element vc_align_left wpb_content_element\">\n\t\t\n\t\t<figure class=\"wpb_wrapper vc_figure\">\n\t\t\t<div class=\"vc_single_image-wrapper   vc_box_border_grey\"><img decoding=\"async\" width=\"2048\" height=\"2048\" src=\"https:\/\/www.dworekmarmis.pl\/app\/uploads\/2025\/12\/20251223_144538-scaled.jpg\" class=\"vc_single_image-img attachment-full\" alt=\"Eine gem\u00fctliche Sitzecke mit wei\u00dfen Sesseln, einem runden Tisch und einem mit Lichtern geschm\u00fcckten Weihnachtsbaum.\" title=\"20251223_144538\" srcset=\"https:\/\/www.dworekmarmis.pl\/app\/uploads\/2025\/12\/20251223_144538-scaled.jpg 2048w, https:\/\/www.dworekmarmis.pl\/app\/uploads\/2025\/12\/20251223_144538-300x300.jpg 300w, https:\/\/www.dworekmarmis.pl\/app\/uploads\/2025\/12\/20251223_144538-1024x1024.jpg 1024w, https:\/\/www.dworekmarmis.pl\/app\/uploads\/2025\/12\/20251223_144538-150x150.jpg 150w, https:\/\/www.dworekmarmis.pl\/app\/uploads\/2025\/12\/20251223_144538-768x768.jpg 768w, https:\/\/www.dworekmarmis.pl\/app\/uploads\/2025\/12\/20251223_144538-1536x1536.jpg 1536w, https:\/\/www.dworekmarmis.pl\/app\/uploads\/2025\/12\/20251223_144538-12x12.jpg 12w\" sizes=\"(max-width: 2048px) 100vw, 2048px\" \/><\/div>\n\t\t<\/figure>\n\t<\/div>\n\t\t\t<\/div>\r\n\t\t\t\t<\/div>\r\n\t\t\t<\/div>\r\n\t\t<\/div><\/div><\/div><\/div>\n<\/div>","protected":false},"excerpt":{"rendered":"Das Wohnzimmer mit seinen Holzelementen und Steinw\u00e4nden strahlt Gem\u00fctlichkeit und Eleganz aus. Ein gro\u00dfer antiker Klapptisch f\u00fcr 12 Personen bildet den Mittelpunkt des Raumes und ist der perfekte Ort f\u00fcr gemeinsame Treffen und Mahlzeiten. Bequeme Sessel laden zum Entspannen ein, und eine Reihe von Brettspielen bietet Unterhaltung f\u00fcr Kinder und Erwachsene. Eine Kinoleinwand erm\u00f6glicht das bequeme Anschauen von Filmen und bietet ...","protected":false},"author":1,"featured_media":2345,"parent":0,"menu_order":0,"comment_status":"closed","ping_status":"closed","template":"","meta":{"_acf_changed":false,"footnotes":""},"class_list":["post-1933","page","type-page","status-publish","has-post-thumbnail","hentry"],"acf":[],"aioseo_notices":[],"_links":{"self":[{"href":"https:\/\/www.dworekmarmis.pl\/de\/wp-json\/wp\/v2\/pages\/1933","targetHints":{"allow":["GET"]}}],"collection":[{"href":"https:\/\/www.dworekmarmis.pl\/de\/wp-json\/wp\/v2\/pages"}],"about":[{"href":"https:\/\/www.dworekmarmis.pl\/de\/wp-json\/wp\/v2\/types\/page"}],"author":[{"embeddable":true,"href":"https:\/\/www.dworekmarmis.pl\/de\/wp-json\/wp\/v2\/users\/1"}],"replies":[{"embeddable":true,"href":"https:\/\/www.dworekmarmis.pl\/de\/wp-json\/wp\/v2\/comments?post=1933"}],"version-history":[{"count":20,"href":"https:\/\/www.dworekmarmis.pl\/de\/wp-json\/wp\/v2\/pages\/1933\/revisions"}],"predecessor-version":[{"id":2948,"href":"https:\/\/www.dworekmarmis.pl\/de\/wp-json\/wp\/v2\/pages\/1933\/revisions\/2948"}],"wp:featuredmedia":[{"embeddable":true,"href":"https:\/\/www.dworekmarmis.pl\/de\/wp-json\/wp\/v2\/media\/2345"}],"wp:attachment":[{"href":"https:\/\/www.dworekmarmis.pl\/de\/wp-json\/wp\/v2\/media?parent=1933"}],"curies":[{"name":"wp","href":"https:\/\/api.w.org\/{rel}","templated":true}]}}