{"id":1061,"date":"2022-04-23T12:17:41","date_gmt":"2022-04-23T10:17:41","guid":{"rendered":"https:\/\/www.marmis-apartments.com\/?page_id=1061"},"modified":"2025-09-29T13:34:19","modified_gmt":"2025-09-29T11:34:19","slug":"vorschriften","status":"publish","type":"page","link":"https:\/\/www.dworekmarmis.pl\/de\/regulamin\/","title":{"rendered":"Verordnungen"},"content":{"rendered":"<div class=\"wpb-content-wrapper\"><div class=\"vc_row wpb_row vc_row-fluid\"><div class=\"wpb_column vc_column_container vc_col-sm-12\"><div class=\"vc_column-inner\"><div class=\"wpb_wrapper\">\n\t<div class=\"wpb_text_column wpb_content_element\" >\n\t\t<div class=\"wpb_wrapper\">\n\t\t\t<h3>Bedingungen und Konditionen der Einrichtung \"Dworek Marmis\u201d<\/h3>\n<p>&nbsp;<\/p>\n<p><strong>1. Hoteltag<\/strong><\/p>\n<p>Der Check-in beginnt um 15:00 Uhr und endet um 10:30 Uhr am letzten Tag des Aufenthalts.<\/p>\n<p><strong>2. Zahlungen<\/strong><\/p>\n<p>Die Zahlung f\u00fcr den Aufenthalt wird am Anreisetag in bar, entsprechend dem von Ihnen vereinbarten Termin, oder durch vorherige \u00dcberweisung auf ein Bankkonto erhoben. Im Falle eines verk\u00fcrzten Aufenthalts wird die Zahlung f\u00fcr Ihren Aufenthalt nicht zur\u00fcckerstattet.<\/p>\n<p>Die Kurtaxe betr\u00e4gt 3,00 PLN pro Person und Tag und wird bei der Ankunft f\u00fcr die gesamte Dauer des Aufenthalts erhoben.<\/p>\n<p>Die Kaution f\u00fcr den Aufenthalt betr\u00e4gt 100 PLN und wird am Anreisetag erhoben und am Abreisetag zur\u00fcckerstattet.<\/p>\n<p>Die Kaution wird einbehalten, wenn der Gast Sch\u00e4den an den R\u00e4umlichkeiten verursacht oder die vereinbarten Abfahrtszeiten nicht eingehalten werden.<\/p>\n<p><strong>3. das Rauchen<\/strong><\/p>\n<p>Das Rauchen ist im gesamten Geb\u00e4ude strengstens verboten.<\/p>\n<p><strong>4. Stille bei Nacht<\/strong><\/p>\n<p>Auf dem gesamten Gel\u00e4nde gilt eine Ausgangssperre von 23:00 bis 6:00 Uhr morgens.<\/p>\n<p><strong>5. Akzeptanz von Tieren<\/strong><\/p>\n<p>Leider k\u00f6nnen in der Einrichtung keine Tiere aufgenommen werden.<\/p>\n<p><strong>6. Haftung f\u00fcr Sch\u00e4den<\/strong><\/p>\n<p>Die G\u00e4ste der Einrichtung haften f\u00fcr alle Sch\u00e4den, die in den Zimmern\/Appartements\/Einrichtungen verursacht werden. Als Sch\u00e4den gelten sowohl die Zerst\u00f6rung als auch die Besch\u00e4digung und der Verlust von Ausr\u00fcstungsgegenst\u00e4nden im Zimmer\/der Einrichtung.<\/p>\n<p>Bei Sch\u00e4den am Zimmer\/Appartement\/an der Einrichtung, die durch das Verschulden des Gastes entstanden sind, haftet der Gast f\u00fcr die Reparaturkosten. F\u00fcr Sch\u00e4den, die von Kindern verursacht werden, haften die Eltern.<\/p>\n<p><strong>7. Meldung von Sch\u00e4den<\/strong><\/p>\n<p>Der Gast muss den Vermieter benachrichtigen, wenn er Sch\u00e4den im Zimmer feststellt oder wenn er einen Schaden entdeckt.<\/p>\n<p><strong>8. Zugang zur Einrichtung<\/strong><\/p>\n<p>Der Zugang zur Einrichtung ist nur Personen gestattet, die in der Einrichtung registriert sind. Es ist untersagt, Mitglieder der \u00d6ffentlichkeit einzuf\u00fchren.<\/p>\n<p>Die G\u00e4ste sind verpflichtet, ihren Zimmerschl\u00fcssel sorgf\u00e4ltig aufzubewahren. Bei Verlust des Schl\u00fcssels werden dem Gast die Kosten f\u00fcr den Austausch von zwei Schlie\u00dfzylindern in H\u00f6he von 200 PLN in Rechnung gestellt.<\/p>\n<p><strong>9. Eigentum des Gastes<\/strong><\/p>\n<p>Der Eigent\u00fcmer von Dworek Marmis haftet nicht f\u00fcr Sch\u00e4den am Fahrzeug des Gastes sowie f\u00fcr in den Zimmern zur\u00fcckgelassene Wertgegenst\u00e4nde.<\/p>\n<p><strong>10. Veranstaltung<\/strong><\/p>\n<p>Die G\u00e4ste verpflichten sich, die gemieteten Zimmer bzw. Wohnungen nur zu Wohnzwecken zu nutzen - es ist untersagt, im Objekt Veranstaltungen durchzuf\u00fchren.<\/p>\n<p><strong>11. Beendigung des Aufenthalts<\/strong><\/p>\n<p>F\u00fcr den Fall, dass der Gast die Ruhe und\/oder das Wohlergehen der Nachbarn erheblich st\u00f6rt und die allgemein geltenden Normen des Zusammenlebens zwischen Menschen nicht respektiert, beh\u00e4lt sich der Eigent\u00fcmer der Unterkunft Dworek Marmis das Recht vor, den Aufenthalt des Gastes in der Unterkunft zu beenden und ist dann nicht verpflichtet, die nicht genutzte Zeit zu erstatten.<\/p>\n<p>&nbsp;<\/p>\n<p>Die Nutzung der Dienste von Dworek Marmis setzt die Annahme dieser Bedingungen voraus.<\/p>\n\n\t\t<\/div>\n\t<\/div>\n<\/div><\/div><\/div><\/div>\n<\/div>","protected":false},"excerpt":{"rendered":"Hotelordnung \"Dworek Marmis\" 1. Check-in Der Check-in beginnt um 15:00 Uhr und endet um 10:30 Uhr am letzten Tag des Aufenthalts. 2 Bezahlung Die Bezahlung des Aufenthaltes erfolgt am Anreisetag in bar, entsprechend dem von Ihnen vereinbarten Termin, oder durch vorherige \u00dcberweisung auf ein Bankkonto. Die Zahlung f\u00fcr Ihren Aufenthalt ist nicht erstattungsf\u00e4hig im Falle von ...","protected":false},"author":2,"featured_media":1888,"parent":0,"menu_order":0,"comment_status":"closed","ping_status":"closed","template":"","meta":{"_acf_changed":false,"footnotes":""},"class_list":["post-1061","page","type-page","status-publish","has-post-thumbnail","hentry"],"acf":[],"aioseo_notices":[],"_links":{"self":[{"href":"https:\/\/www.dworekmarmis.pl\/de\/wp-json\/wp\/v2\/pages\/1061","targetHints":{"allow":["GET"]}}],"collection":[{"href":"https:\/\/www.dworekmarmis.pl\/de\/wp-json\/wp\/v2\/pages"}],"about":[{"href":"https:\/\/www.dworekmarmis.pl\/de\/wp-json\/wp\/v2\/types\/page"}],"author":[{"embeddable":true,"href":"https:\/\/www.dworekmarmis.pl\/de\/wp-json\/wp\/v2\/users\/2"}],"replies":[{"embeddable":true,"href":"https:\/\/www.dworekmarmis.pl\/de\/wp-json\/wp\/v2\/comments?post=1061"}],"version-history":[{"count":20,"href":"https:\/\/www.dworekmarmis.pl\/de\/wp-json\/wp\/v2\/pages\/1061\/revisions"}],"predecessor-version":[{"id":2877,"href":"https:\/\/www.dworekmarmis.pl\/de\/wp-json\/wp\/v2\/pages\/1061\/revisions\/2877"}],"wp:featuredmedia":[{"embeddable":true,"href":"https:\/\/www.dworekmarmis.pl\/de\/wp-json\/wp\/v2\/media\/1888"}],"wp:attachment":[{"href":"https:\/\/www.dworekmarmis.pl\/de\/wp-json\/wp\/v2\/media?parent=1061"}],"curies":[{"name":"wp","href":"https:\/\/api.w.org\/{rel}","templated":true}]}}