{"id":306,"date":"2021-08-29T16:20:04","date_gmt":"2021-08-29T14:20:04","guid":{"rendered":"https:\/\/www.marmis-apartments.com\/?page_id=306"},"modified":"2024-11-16T20:49:26","modified_gmt":"2024-11-16T19:49:26","slug":"turisticke-atrakce","status":"publish","type":"page","link":"https:\/\/www.dworekmarmis.pl\/cs\/atrakcje-turystyczne\/","title":{"rendered":"Co stoj\u00ed za to vid\u011bt v okol\u00ed"},"content":{"rendered":"<div class=\"wpb-content-wrapper\"><div class=\"vc_row wpb_row vc_row-fluid\"><div class=\"wpb_column vc_column_container vc_col-sm-12\"><div class=\"vc_column-inner\"><div class=\"wpb_wrapper\">\n\t<div class=\"wpb_text_column wpb_content_element\" >\n\t\t<div class=\"wpb_wrapper\">\n\t\t\t<h4 style=\"text-align: center;\">Bonaluti \u2013 Birngr\u00fctz \u2013 Grodziec \u2013 Grudza<\/h4>\n\n\t\t<\/div>\n\t<\/div>\n<div class=\"vc_separator wpb_content_element vc_separator_align_center vc_sep_width_100 vc_sep_pos_align_center vc_separator_no_text vc_sep_color_grey wpb_content_element  wpb_content_element\" ><span class=\"vc_sep_holder vc_sep_holder_l\"><span class=\"vc_sep_line\"><\/span><\/span><span class=\"vc_sep_holder vc_sep_holder_r\"><span class=\"vc_sep_line\"><\/span><\/span>\n<\/div><\/div><\/div><\/div><\/div><section class=\"vc_section\"><div class=\"vc_row wpb_row vc_row-fluid\"><div class=\"wpb_column vc_column_container vc_col-sm-4\"><div class=\"vc_column-inner\"><div class=\"wpb_wrapper\">\n\t<div  class=\"wpb_single_image wpb_content_element vc_align_left wpb_content_element\">\n\t\t\n\t\t<figure class=\"wpb_wrapper vc_figure\">\n\t\t\t<div class=\"vc_single_image-wrapper   vc_box_border_grey\"><img decoding=\"async\" width=\"2048\" height=\"2048\" src=\"https:\/\/www.dworekmarmis.pl\/app\/uploads\/2022\/05\/20220501_112504-scaled.jpg\" class=\"vc_single_image-img attachment-full\" alt=\"Kostel s oran\u017eovou fas\u00e1dou, \u010dernou v\u011b\u017e\u00ed a vedlej\u0161\u00edm h\u0159bitovem za slune\u010dn\u00e9ho dne.\" title=\"20220501_112504\" srcset=\"https:\/\/www.dworekmarmis.pl\/app\/uploads\/2022\/05\/20220501_112504-scaled.jpg 2048w, https:\/\/www.dworekmarmis.pl\/app\/uploads\/2022\/05\/20220501_112504-scaled-600x600.jpg 600w, https:\/\/www.dworekmarmis.pl\/app\/uploads\/2022\/05\/20220501_112504-scaled-100x100.jpg 100w, https:\/\/www.dworekmarmis.pl\/app\/uploads\/2022\/05\/20220501_112504-300x300.jpg 300w, https:\/\/www.dworekmarmis.pl\/app\/uploads\/2022\/05\/20220501_112504-1024x1024.jpg 1024w, https:\/\/www.dworekmarmis.pl\/app\/uploads\/2022\/05\/20220501_112504-150x150.jpg 150w, https:\/\/www.dworekmarmis.pl\/app\/uploads\/2022\/05\/20220501_112504-768x768.jpg 768w, https:\/\/www.dworekmarmis.pl\/app\/uploads\/2022\/05\/20220501_112504-1536x1536.jpg 1536w, https:\/\/www.dworekmarmis.pl\/app\/uploads\/2022\/05\/20220501_112504-12x12.jpg 12w\" sizes=\"(max-width: 2048px) 100vw, 2048px\" \/><\/div>\n\t\t<\/figure>\n\t<\/div>\n<\/div><\/div><\/div><div class=\"wpb_column vc_column_container vc_col-sm-4\"><div class=\"vc_column-inner\"><div class=\"wpb_wrapper\">\n\t<div class=\"wpb_text_column wpb_content_element\" >\n\t\t<div class=\"wpb_wrapper\">\n\t\t\t<p style=\"text-align: left;\">Grudza byl zalo\u017een ve druh\u00e9 polovin\u011b 13. stolet\u00ed. Nejstar\u0161\u00ed zm\u00ednka o obci poch\u00e1z\u00ed z listiny z roku 1305, v n\u00ed\u017e se obec objevuje pod n\u00e1zvem Bonaluti. V roce 1345 daroval kn\u00ed\u017ee Henryk Jaworski benediktinsk\u00e9mu kl\u00e1\u0161teru v Lubom\u011b\u0159i 900 morgens lesa v Grudze.<\/p>\n<p style=\"text-align: left;\">Mezi lety 1545 a 1810 pat\u0159ilo \u00fazem\u00ed od vesnice a\u017e do okol\u00ed Lubom\u011b\u0159e \u0159\u00e1du, co\u017e dokl\u00e1d\u00e1 p\u0159\u00edtomnost \u010detn\u00fdch k\u0159\u00ed\u017e\u016f u cest v t\u00e9to oblasti.<\/p>\n\n\t\t<\/div>\n\t<\/div>\n<\/div><\/div><\/div><div class=\"wpb_column vc_column_container vc_col-sm-4\"><div class=\"vc_column-inner\"><div class=\"wpb_wrapper\">\n\t<div  class=\"wpb_single_image wpb_content_element vc_align_center wpb_content_element\">\n\t\t\n\t\t<figure class=\"wpb_wrapper vc_figure\">\n\t\t\t<div class=\"vc_single_image-wrapper   vc_box_border_grey\"><img decoding=\"async\" width=\"2048\" height=\"2048\" src=\"https:\/\/www.dworekmarmis.pl\/app\/uploads\/2023\/05\/20220805_125846-scaled.jpg\" class=\"vc_single_image-img attachment-full\" alt=\"K\u0159\u00ed\u017e se sochou Je\u017e\u00ed\u0161e um\u00edst\u011bn\u00fd v lese, obklopen\u00fd zelen\u00fdmi stromy a list\u00edm.\" title=\"20220805_125846\" srcset=\"https:\/\/www.dworekmarmis.pl\/app\/uploads\/2023\/05\/20220805_125846-scaled.jpg 2048w, https:\/\/www.dworekmarmis.pl\/app\/uploads\/2023\/05\/20220805_125846-300x300.jpg 300w, https:\/\/www.dworekmarmis.pl\/app\/uploads\/2023\/05\/20220805_125846-1024x1024.jpg 1024w, https:\/\/www.dworekmarmis.pl\/app\/uploads\/2023\/05\/20220805_125846-150x150.jpg 150w, https:\/\/www.dworekmarmis.pl\/app\/uploads\/2023\/05\/20220805_125846-768x768.jpg 768w, https:\/\/www.dworekmarmis.pl\/app\/uploads\/2023\/05\/20220805_125846-1536x1536.jpg 1536w, https:\/\/www.dworekmarmis.pl\/app\/uploads\/2023\/05\/20220805_125846-12x12.jpg 12w, https:\/\/www.dworekmarmis.pl\/app\/uploads\/2023\/05\/20220805_125846-600x600.jpg 600w, https:\/\/www.dworekmarmis.pl\/app\/uploads\/2023\/05\/20220805_125846-100x100.jpg 100w\" sizes=\"(max-width: 2048px) 100vw, 2048px\" \/><\/div>\n\t\t<\/figure>\n\t<\/div>\n<\/div><\/div><\/div><\/div><div class=\"vc_row wpb_row vc_row-fluid\"><div class=\"wpb_column vc_column_container vc_col-sm-4\"><div class=\"vc_column-inner\"><div class=\"wpb_wrapper\">\n\t<div class=\"wpb_text_column wpb_content_element\" >\n\t\t<div class=\"wpb_wrapper\">\n\t\t\t<p style=\"text-align: left;\">Chloubou na\u0161eho m\u011bsta je farn\u00ed kostel Jm\u00e9na P. Marie, postaven\u00fd na konci 15. stolet\u00ed jako pozdn\u011b gotick\u00fd kostel, pozd\u011bji p\u0159estav\u011bn\u00fd nebo p\u0159estav\u011bn\u00fd v letech 1765\u20131768 a 1772.<\/p>\n\n\t\t<\/div>\n\t<\/div>\n<\/div><\/div><\/div><div class=\"wpb_column vc_column_container vc_col-sm-4\"><div class=\"vc_column-inner\"><div class=\"wpb_wrapper\">\n\t<div  class=\"wpb_single_image wpb_content_element vc_align_center wpb_content_element\">\n\t\t\n\t\t<figure class=\"wpb_wrapper vc_figure\">\n\t\t\t<div class=\"vc_single_image-wrapper   vc_box_border_grey\"><img decoding=\"async\" width=\"425\" height=\"425\" src=\"https:\/\/www.dworekmarmis.pl\/app\/uploads\/2024\/01\/Seiferts-Gasthof111-2.jpg\" class=\"vc_single_image-img attachment-full\" alt=\"Seifert\u016fv hostinec v Birngr\u00fctzh\u00f6h, budova se stromy v okol\u00ed, star\u00fd architektonick\u00fd styl.\" title=\"Seiferts Gasthof111\" srcset=\"https:\/\/www.dworekmarmis.pl\/app\/uploads\/2024\/01\/Seiferts-Gasthof111-2.jpg 425w, https:\/\/www.dworekmarmis.pl\/app\/uploads\/2024\/01\/Seiferts-Gasthof111-2-300x300.jpg 300w, https:\/\/www.dworekmarmis.pl\/app\/uploads\/2024\/01\/Seiferts-Gasthof111-2-150x150.jpg 150w, https:\/\/www.dworekmarmis.pl\/app\/uploads\/2024\/01\/Seiferts-Gasthof111-2-12x12.jpg 12w\" sizes=\"(max-width: 425px) 100vw, 425px\" \/><\/div>\n\t\t<\/figure>\n\t<\/div>\n<\/div><\/div><\/div><div class=\"wpb_column vc_column_container vc_col-sm-4\"><div class=\"vc_column-inner\"><div class=\"wpb_wrapper\">\n\t<div class=\"wpb_text_column wpb_content_element\" >\n\t\t<div class=\"wpb_wrapper\">\n\t\t\t<p>Za zm\u00ednku stoj\u00ed z\u0159\u00edcenina Seifertova hostince, kdysi \"Seifertova hostince\", m\u00edsta odpo\u010dinku v 19. a na po\u010d\u00e1tku 20. stolet\u00ed, a vyhl\u00eddkov\u00e1 v\u011b\u017e (d\u0159\u00edve v\u011btrn\u00fd ml\u00fdn), na n\u00ed\u017e st\u00e1ly historick\u00e9 hodiny z roku 1756.<\/p>\n\n\t\t<\/div>\n\t<\/div>\n<\/div><\/div><\/div><\/div><\/section><div class=\"vc_row wpb_row vc_row-fluid\"><div class=\"wpb_column vc_column_container vc_col-sm-4\"><div class=\"vc_column-inner\"><div class=\"wpb_wrapper\">\n\t<div  class=\"wpb_single_image wpb_content_element vc_align_left wpb_content_element\">\n\t\t\n\t\t<figure class=\"wpb_wrapper vc_figure\">\n\t\t\t<div class=\"vc_single_image-wrapper   vc_box_border_grey\"><img decoding=\"async\" width=\"502\" height=\"502\" src=\"https:\/\/www.dworekmarmis.pl\/app\/uploads\/2024\/01\/Wieza-widokowa111.jpg\" class=\"vc_single_image-img attachment-full\" alt=\"Rozhledna s historick\u00fdmi hodinami z roku 1756, obklopen\u00e1 stromy a postavami lid\u00ed.\" title=\"Prohl\u00ed\u017een\u00ed v\u011b\u017ee111\" srcset=\"https:\/\/www.dworekmarmis.pl\/app\/uploads\/2024\/01\/Wieza-widokowa111.jpg 502w, https:\/\/www.dworekmarmis.pl\/app\/uploads\/2024\/01\/Wieza-widokowa111-300x300.jpg 300w, https:\/\/www.dworekmarmis.pl\/app\/uploads\/2024\/01\/Wieza-widokowa111-150x150.jpg 150w, https:\/\/www.dworekmarmis.pl\/app\/uploads\/2024\/01\/Wieza-widokowa111-12x12.jpg 12w\" sizes=\"(max-width: 502px) 100vw, 502px\" \/><\/div>\n\t\t<\/figure>\n\t<\/div>\n<\/div><\/div><\/div><div class=\"wpb_column vc_column_container vc_col-sm-4\"><div class=\"vc_column-inner\"><div class=\"wpb_wrapper\">\n\t<div class=\"wpb_text_column wpb_content_element\" >\n\t\t<div class=\"wpb_wrapper\">\n\t\t\t<p>V centr\u00e1ln\u00ed \u010d\u00e1sti Grudzy, na takzvan\u00e9m tr\u017en\u00edm n\u00e1m\u011bst\u00ed, st\u00e1la jedna z nejhez\u010d\u00edch budov na\u0161\u00ed vesnice. Byla to budova pivovaru spojen\u00e1 s hostincem \"Gasthof Brauerei\", kde mohli m\u00edstn\u00ed obyvatel\u00e9 i turist\u00e9 ochutnat m\u00edstn\u00ed pivo.<\/p>\n\n\t\t<\/div>\n\t<\/div>\n<\/div><\/div><\/div><div class=\"wpb_column vc_column_container vc_col-sm-4\"><div class=\"vc_column-inner\"><div class=\"wpb_wrapper\">\n\t<div  class=\"wpb_single_image wpb_content_element vc_align_left wpb_content_element\">\n\t\t\n\t\t<figure class=\"wpb_wrapper vc_figure\">\n\t\t\t<div class=\"vc_single_image-wrapper   vc_box_border_grey\"><img decoding=\"async\" width=\"368\" height=\"351\" src=\"https:\/\/www.dworekmarmis.pl\/app\/uploads\/2024\/01\/Gasthof-zur-Brauerei.jpg\" class=\"vc_single_image-img attachment-full\" alt=\"Budova ve venkovsk\u00e9m stylu s mansardovou st\u0159echou, obklopen\u00e1 stromy, s postavami stoj\u00edc\u00edmi p\u0159ed vchodem.\" title=\"Gasthof zur Brauerei\" srcset=\"https:\/\/www.dworekmarmis.pl\/app\/uploads\/2024\/01\/Gasthof-zur-Brauerei.jpg 368w, https:\/\/www.dworekmarmis.pl\/app\/uploads\/2024\/01\/Gasthof-zur-Brauerei-300x286.jpg 300w, https:\/\/www.dworekmarmis.pl\/app\/uploads\/2024\/01\/Gasthof-zur-Brauerei-13x12.jpg 13w\" sizes=\"(max-width: 368px) 100vw, 368px\" \/><\/div>\n\t\t<\/figure>\n\t<\/div>\n<\/div><\/div><\/div><\/div><div class=\"vc_row wpb_row vc_row-fluid\"><div class=\"wpb_column vc_column_container vc_col-sm-4\"><div class=\"vc_column-inner\"><div class=\"wpb_wrapper\">\n\t<div class=\"wpb_text_column wpb_content_element\" >\n\t\t<div class=\"wpb_wrapper\">\n\t\t\t<p>Grudza m\u011bl dv\u011b vstupn\u00ed br\u00e1ny.<\/p>\n<p>Od poloviny 19. stolet\u00ed z\u00edskala obec charakter rekrea\u010dn\u00ed osady.<\/p>\n<p>Po roce 1945 se jej\u00ed charakter zm\u011bnil na zem\u011bd\u011blsk\u00fd. V letech 1945-47 do\u0161lo ke zm\u011bn\u011b n\u00e1zvu obce z Birngr\u00fctz na Grodziec.<\/p>\n\n\t\t<\/div>\n\t<\/div>\n<\/div><\/div><\/div><div class=\"wpb_column vc_column_container vc_col-sm-4\"><div class=\"vc_column-inner\"><div class=\"wpb_wrapper\">\n\t<div  class=\"wpb_single_image wpb_content_element vc_align_left wpb_content_element\">\n\t\t\n\t\t<figure class=\"wpb_wrapper vc_figure\">\n\t\t\t<div class=\"vc_single_image-wrapper   vc_box_border_grey\"><img decoding=\"async\" width=\"2048\" height=\"2049\" src=\"https:\/\/www.dworekmarmis.pl\/app\/uploads\/2022\/05\/20220504_173052.jpg\" class=\"vc_single_image-img attachment-full\" alt=\"Star\u00fd rozlo\u017eit\u00fd strom s informa\u010dn\u00edm zna\u010den\u00edm v zeleni.\" title=\"20220504_173052\" srcset=\"https:\/\/www.dworekmarmis.pl\/app\/uploads\/2022\/05\/20220504_173052.jpg 2048w, https:\/\/www.dworekmarmis.pl\/app\/uploads\/2022\/05\/20220504_173052-600x600.jpg 600w, https:\/\/www.dworekmarmis.pl\/app\/uploads\/2022\/05\/20220504_173052-100x100.jpg 100w, https:\/\/www.dworekmarmis.pl\/app\/uploads\/2022\/05\/20220504_173052-300x300.jpg 300w, https:\/\/www.dworekmarmis.pl\/app\/uploads\/2022\/05\/20220504_173052-1024x1024.jpg 1024w, https:\/\/www.dworekmarmis.pl\/app\/uploads\/2022\/05\/20220504_173052-150x150.jpg 150w, https:\/\/www.dworekmarmis.pl\/app\/uploads\/2022\/05\/20220504_173052-768x768.jpg 768w, https:\/\/www.dworekmarmis.pl\/app\/uploads\/2022\/05\/20220504_173052-1536x1536.jpg 1536w, https:\/\/www.dworekmarmis.pl\/app\/uploads\/2022\/05\/20220504_173052-12x12.jpg 12w\" sizes=\"(max-width: 2048px) 100vw, 2048px\" \/><\/div>\n\t\t<\/figure>\n\t<\/div>\n<\/div><\/div><\/div><div class=\"wpb_column vc_column_container vc_col-sm-4\"><div class=\"vc_column-inner\"><div class=\"wpb_wrapper\">\n\t<div class=\"wpb_text_column wpb_content_element\" >\n\t\t<div class=\"wpb_wrapper\">\n\t\t\t<p>Kdy\u017e p\u016fjdete od z\u0159\u00edceniny Seifertova hostince severoz\u00e1padn\u00edm sm\u011brem a minete v\u011b\u017ee po lev\u00e9 stran\u011b, dojdete k pravd\u011bpodobn\u011b nejstar\u0161\u00ed a nejsiln\u011bj\u0161\u00ed hru\u0161ni v Polsku, star\u00e9 asi 300 let.<\/p>\n\n\t\t<\/div>\n\t<\/div>\n<\/div><\/div><\/div><\/div><div class=\"vc_row wpb_row vc_row-fluid\"><div class=\"wpb_column vc_column_container vc_col-sm-4\"><div class=\"vc_column-inner\"><div class=\"wpb_wrapper\">\n\t<div  class=\"wpb_single_image wpb_content_element vc_align_left wpb_content_element\">\n\t\t\n\t\t<figure class=\"wpb_wrapper vc_figure\">\n\t\t\t<div class=\"vc_single_image-wrapper   vc_box_border_grey\"><img decoding=\"async\" width=\"2048\" height=\"2049\" src=\"https:\/\/www.dworekmarmis.pl\/app\/uploads\/2022\/05\/20220505_191738.jpg\" class=\"vc_single_image-img attachment-full\" alt=\"Hrad s \u010dervenou st\u0159echou, kulatou v\u011b\u017e\u00ed a kamennou zd\u00ed za slune\u010dn\u00e9ho dne.\" title=\"20220505_191738\" srcset=\"https:\/\/www.dworekmarmis.pl\/app\/uploads\/2022\/05\/20220505_191738.jpg 2048w, https:\/\/www.dworekmarmis.pl\/app\/uploads\/2022\/05\/20220505_191738-600x600.jpg 600w, https:\/\/www.dworekmarmis.pl\/app\/uploads\/2022\/05\/20220505_191738-100x100.jpg 100w, https:\/\/www.dworekmarmis.pl\/app\/uploads\/2022\/05\/20220505_191738-300x300.jpg 300w, https:\/\/www.dworekmarmis.pl\/app\/uploads\/2022\/05\/20220505_191738-1024x1024.jpg 1024w, https:\/\/www.dworekmarmis.pl\/app\/uploads\/2022\/05\/20220505_191738-150x150.jpg 150w, https:\/\/www.dworekmarmis.pl\/app\/uploads\/2022\/05\/20220505_191738-768x768.jpg 768w, https:\/\/www.dworekmarmis.pl\/app\/uploads\/2022\/05\/20220505_191738-1536x1536.jpg 1536w, https:\/\/www.dworekmarmis.pl\/app\/uploads\/2022\/05\/20220505_191738-12x12.jpg 12w\" sizes=\"(max-width: 2048px) 100vw, 2048px\" \/><\/div>\n\t\t<\/figure>\n\t<\/div>\n<\/div><\/div><\/div><div class=\"wpb_column vc_column_container vc_col-sm-4\"><div class=\"vc_column-inner\"><div class=\"wpb_wrapper\">\n\t<div class=\"wpb_text_column wpb_content_element\" >\n\t\t<div class=\"wpb_wrapper\">\n\t\t\t<p>Hrad Czocha nach\u00e1zej\u00edc\u00ed se v Such\u00e9 byl postaven jako obrann\u00fd pohrani\u010dn\u00ed hrad na slezsko-lu\u017eick\u00e9m pomez\u00ed v letech 1241\u20131247.<\/p>\n<p>Hrad Chojnik, postaven\u00fd v 50. letech 14. stolet\u00ed na vrcholu hory 627 metr\u016f nad mo\u0159em, je kr\u00e1snou st\u0159edov\u011bkou pam\u00e1tkou a legenda o princezn\u011b Kunegonde spojen\u00e1 s hradem st\u00e1le p\u0159itahuje mnoho turist\u016f.<\/p>\n\n\t\t<\/div>\n\t<\/div>\n<\/div><\/div><\/div><div class=\"wpb_column vc_column_container vc_col-sm-4\"><div class=\"vc_column-inner\"><div class=\"wpb_wrapper\">\n\t<div  class=\"wpb_single_image wpb_content_element vc_align_left wpb_content_element\">\n\t\t\n\t\t<figure class=\"wpb_wrapper vc_figure\">\n\t\t\t<div class=\"vc_single_image-wrapper   vc_box_border_grey\"><img decoding=\"async\" width=\"2048\" height=\"2048\" src=\"https:\/\/www.dworekmarmis.pl\/app\/uploads\/2022\/05\/20220505_193832-scaled.jpg\" class=\"vc_single_image-img attachment-full\" alt=\"Z\u0159\u00edcenina hradu s kulatou v\u011b\u017e\u00ed, obklopen\u00e1 zelen\u00fdmi stromy, lid\u00e9 v r\u016fzn\u00fdch p\u00f3z\u00e1ch v are\u00e1lu hradu.\" title=\"20220505_193832\" srcset=\"https:\/\/www.dworekmarmis.pl\/app\/uploads\/2022\/05\/20220505_193832-scaled.jpg 2048w, https:\/\/www.dworekmarmis.pl\/app\/uploads\/2022\/05\/20220505_193832-scaled-600x600.jpg 600w, https:\/\/www.dworekmarmis.pl\/app\/uploads\/2022\/05\/20220505_193832-scaled-100x100.jpg 100w, https:\/\/www.dworekmarmis.pl\/app\/uploads\/2022\/05\/20220505_193832-300x300.jpg 300w, https:\/\/www.dworekmarmis.pl\/app\/uploads\/2022\/05\/20220505_193832-1024x1024.jpg 1024w, https:\/\/www.dworekmarmis.pl\/app\/uploads\/2022\/05\/20220505_193832-150x150.jpg 150w, https:\/\/www.dworekmarmis.pl\/app\/uploads\/2022\/05\/20220505_193832-768x768.jpg 768w, https:\/\/www.dworekmarmis.pl\/app\/uploads\/2022\/05\/20220505_193832-1536x1536.jpg 1536w, https:\/\/www.dworekmarmis.pl\/app\/uploads\/2022\/05\/20220505_193832-12x12.jpg 12w\" sizes=\"(max-width: 2048px) 100vw, 2048px\" \/><\/div>\n\t\t<\/figure>\n\t<\/div>\n<\/div><\/div><\/div><\/div><div class=\"vc_row wpb_row vc_row-fluid\"><div class=\"wpb_column vc_column_container vc_col-sm-4\"><div class=\"vc_column-inner\"><div class=\"wpb_wrapper\">\n\t<div class=\"wpb_text_column wpb_content_element\" >\n\t\t<div class=\"wpb_wrapper\">\n\t\t\t<p>P\u0159i p\u0159ibl\u00ed\u017een\u00ed k Mirsku, kr\u00e1tce p\u0159ed vjezdem do m\u011bsta po prav\u00e9 stran\u011b, najdeme p\u0159ehradu postavenou v letech 1908-1910, jej\u00edm\u017e \u00fa\u010delem je chr\u00e1nit m\u011bsto Mirsk a okoln\u00ed obce Brzeziniec, Kar\u0142owiec a Wie\u017ca p\u0159ed povodn\u011bmi.<\/p>\n\n\t\t<\/div>\n\t<\/div>\n<\/div><\/div><\/div><div class=\"wpb_column vc_column_container vc_col-sm-4\"><div class=\"vc_column-inner\"><div class=\"wpb_wrapper\">\n\t<div  class=\"wpb_single_image wpb_content_element vc_align_left wpb_content_element\">\n\t\t\n\t\t<figure class=\"wpb_wrapper vc_figure\">\n\t\t\t<div class=\"vc_single_image-wrapper   vc_box_border_grey\"><img decoding=\"async\" width=\"642\" height=\"642\" src=\"https:\/\/www.dworekmarmis.pl\/app\/uploads\/2022\/05\/20220505_170146.jpg\" class=\"vc_single_image-img attachment-full\" alt=\"Kamenn\u00e1 hr\u00e1z se \u017elut\u00fdm z\u00e1bradl\u00edm, obklopen\u00e1 zelen\u00fdmi stromy a tr\u00e1vn\u00edkem, za slune\u010dn\u00e9ho dne.\" title=\"20220505_170146\" srcset=\"https:\/\/www.dworekmarmis.pl\/app\/uploads\/2022\/05\/20220505_170146.jpg 642w, https:\/\/www.dworekmarmis.pl\/app\/uploads\/2022\/05\/20220505_170146-600x600.jpg 600w, https:\/\/www.dworekmarmis.pl\/app\/uploads\/2022\/05\/20220505_170146-100x100.jpg 100w, https:\/\/www.dworekmarmis.pl\/app\/uploads\/2022\/05\/20220505_170146-300x300.jpg 300w, https:\/\/www.dworekmarmis.pl\/app\/uploads\/2022\/05\/20220505_170146-150x150.jpg 150w, https:\/\/www.dworekmarmis.pl\/app\/uploads\/2022\/05\/20220505_170146-12x12.jpg 12w\" sizes=\"(max-width: 642px) 100vw, 642px\" \/><\/div>\n\t\t<\/figure>\n\t<\/div>\n<\/div><\/div><\/div><div class=\"wpb_column vc_column_container vc_col-sm-4\"><div class=\"vc_column-inner\"><div class=\"wpb_wrapper\">\n\t<div class=\"wpb_text_column wpb_content_element\" >\n\t\t<div class=\"wpb_wrapper\">\n\t\t\t<p>V Mirsku v\u0161ak stoj\u00ed za vid\u011bn\u00ed star\u00e9 tr\u017ei\u0161t\u011b se st\u0159edov\u011bkou historickou radnic\u00ed ze 16. stolet\u00ed a vyhl\u00eddkov\u00e1 v\u011b\u017e z konce 19. stolet\u00ed, kter\u00e1 do 70. let 20. stolet\u00ed slou\u017eila jako vod\u00e1rensk\u00e1 v\u011b\u017e a od roku 2013 byly zp\u0159\u00edstupn\u011bny pro turistick\u00e9 \u00fa\u010dely.<\/p>\n\n\t\t<\/div>\n\t<\/div>\n<\/div><\/div><\/div><\/div><div class=\"vc_row wpb_row vc_row-fluid\"><div class=\"wpb_column vc_column_container vc_col-sm-4\"><div class=\"vc_column-inner\"><div class=\"wpb_wrapper\">\n\t<div  class=\"wpb_single_image wpb_content_element vc_align_left wpb_content_element\">\n\t\t\n\t\t<figure class=\"wpb_wrapper vc_figure\">\n\t\t\t<div class=\"vc_single_image-wrapper   vc_box_border_grey\"><img decoding=\"async\" width=\"2048\" height=\"2046\" src=\"https:\/\/www.dworekmarmis.pl\/app\/uploads\/2022\/05\/20220504_190446.jpg\" class=\"vc_single_image-img attachment-full\" alt=\"Nad obzorem se vzn\u00e1\u0161\u00ed \u010do\u010dkovit\u00fd mrak s jemn\u011b r\u016f\u017eovou oblohou a horami v pozad\u00ed.\" title=\"20220504_190446\" srcset=\"https:\/\/www.dworekmarmis.pl\/app\/uploads\/2022\/05\/20220504_190446.jpg 2048w, https:\/\/www.dworekmarmis.pl\/app\/uploads\/2022\/05\/20220504_190446-600x599.jpg 600w, https:\/\/www.dworekmarmis.pl\/app\/uploads\/2022\/05\/20220504_190446-100x100.jpg 100w, https:\/\/www.dworekmarmis.pl\/app\/uploads\/2022\/05\/20220504_190446-300x300.jpg 300w, https:\/\/www.dworekmarmis.pl\/app\/uploads\/2022\/05\/20220504_190446-1024x1024.jpg 1024w, https:\/\/www.dworekmarmis.pl\/app\/uploads\/2022\/05\/20220504_190446-150x150.jpg 150w, https:\/\/www.dworekmarmis.pl\/app\/uploads\/2022\/05\/20220504_190446-768x767.jpg 768w, https:\/\/www.dworekmarmis.pl\/app\/uploads\/2022\/05\/20220504_190446-1536x1536.jpg 1536w, https:\/\/www.dworekmarmis.pl\/app\/uploads\/2022\/05\/20220504_190446-12x12.jpg 12w\" sizes=\"(max-width: 2048px) 100vw, 2048px\" \/><\/div>\n\t\t<\/figure>\n\t<\/div>\n<\/div><\/div><\/div><div class=\"wpb_column vc_column_container vc_col-sm-4\"><div class=\"vc_column-inner\"><div class=\"wpb_wrapper\">\n\t<div class=\"wpb_text_column wpb_content_element\" >\n\t\t<div class=\"wpb_wrapper\">\n\t\t\t<p>V nedalek\u00e9 Prosz\u00f3wce najdete z\u0159\u00edceninu hradu Gryf, postaven\u00e9ho ve 13. stolet\u00ed Konradem, kn\u00ed\u017eetem z G\u0142og\u00f3wa.<\/p>\n\n\t\t<\/div>\n\t<\/div>\n\n\t<div class=\"wpb_text_column wpb_content_element\" >\n\t\t<div class=\"wpb_wrapper\">\n\t\t\t<p>Svat\u00fd d\u016fl Jana v Krobici je obnoven\u00e9 m\u00edsto, kter\u00e9 ka\u017edoro\u010dn\u011b horliv\u011b nav\u0161t\u011bvuj\u00ed turist\u00e9. Geopark m\u00e1 mimo\u0159\u00e1dn\u011b bohatou historii, nebo\u0165 od 16. stolet\u00ed do konce 19. stolet\u00ed zde fungovaly \u0161toly na zinkov\u00e9 a kobaltov\u00e9 rudn\u00e9 \u0161toly.<\/p>\n\n\t\t<\/div>\n\t<\/div>\n<\/div><\/div><\/div><div class=\"wpb_column vc_column_container vc_col-sm-4\"><div class=\"vc_column-inner\"><div class=\"wpb_wrapper\">\n\t<div  class=\"wpb_single_image wpb_content_element vc_align_left wpb_content_element\">\n\t\t\n\t\t<figure class=\"wpb_wrapper vc_figure\">\n\t\t\t<div class=\"vc_single_image-wrapper   vc_box_border_grey\"><img decoding=\"async\" width=\"2048\" height=\"2045\" src=\"https:\/\/www.dworekmarmis.pl\/app\/uploads\/2022\/05\/20220504_172657.jpg\" class=\"vc_single_image-img attachment-full\" alt=\"Z\u0159\u00edcenina kulat\u00e9 v\u011b\u017ee obklopen\u00e1 stromy a tr\u00e1vou, v pozad\u00ed \u0161ed\u00e1 obloha.\" title=\"20220504_172657\" srcset=\"https:\/\/www.dworekmarmis.pl\/app\/uploads\/2022\/05\/20220504_172657.jpg 2048w, https:\/\/www.dworekmarmis.pl\/app\/uploads\/2022\/05\/20220504_172657-600x599.jpg 600w, https:\/\/www.dworekmarmis.pl\/app\/uploads\/2022\/05\/20220504_172657-100x100.jpg 100w, https:\/\/www.dworekmarmis.pl\/app\/uploads\/2022\/05\/20220504_172657-300x300.jpg 300w, https:\/\/www.dworekmarmis.pl\/app\/uploads\/2022\/05\/20220504_172657-1024x1024.jpg 1024w, https:\/\/www.dworekmarmis.pl\/app\/uploads\/2022\/05\/20220504_172657-150x150.jpg 150w, https:\/\/www.dworekmarmis.pl\/app\/uploads\/2022\/05\/20220504_172657-768x767.jpg 768w, https:\/\/www.dworekmarmis.pl\/app\/uploads\/2022\/05\/20220504_172657-1536x1534.jpg 1536w, https:\/\/www.dworekmarmis.pl\/app\/uploads\/2022\/05\/20220504_172657-12x12.jpg 12w\" sizes=\"(max-width: 2048px) 100vw, 2048px\" \/><\/div>\n\t\t<\/figure>\n\t<\/div>\n<\/div><\/div><\/div><\/div>\n<\/div>","protected":false},"excerpt":{"rendered":"Bonaluti - Birngr\u00fctz - Grodziec - Grudza Grudza byl zalo\u017een ve druh\u00e9 polovin\u011b 13. stolet\u00ed. Nejstar\u0161\u00ed zm\u00ednka o obci poch\u00e1z\u00ed z listiny z roku 1305, v n\u00ed\u017e je obec uv\u00e1d\u011bna jako Bonaluti. V roce 1345 daroval kn\u00ed\u017ee Jind\u0159ich Jaworski benediktinsk\u00e9mu kl\u00e1\u0161teru v Lubom\u011b\u0159i 900 morg\u016f lesa v Grudze. V letech 1545 a\u017e 1810 se \u00fazem\u00ed od vsi ...","protected":false},"author":1,"featured_media":820,"parent":0,"menu_order":0,"comment_status":"closed","ping_status":"closed","template":"","meta":{"_acf_changed":false,"footnotes":""},"class_list":["post-306","page","type-page","status-publish","has-post-thumbnail","hentry"],"acf":[],"aioseo_notices":[],"_links":{"self":[{"href":"https:\/\/www.dworekmarmis.pl\/cs\/wp-json\/wp\/v2\/pages\/306","targetHints":{"allow":["GET"]}}],"collection":[{"href":"https:\/\/www.dworekmarmis.pl\/cs\/wp-json\/wp\/v2\/pages"}],"about":[{"href":"https:\/\/www.dworekmarmis.pl\/cs\/wp-json\/wp\/v2\/types\/page"}],"author":[{"embeddable":true,"href":"https:\/\/www.dworekmarmis.pl\/cs\/wp-json\/wp\/v2\/users\/1"}],"replies":[{"embeddable":true,"href":"https:\/\/www.dworekmarmis.pl\/cs\/wp-json\/wp\/v2\/comments?post=306"}],"version-history":[{"count":20,"href":"https:\/\/www.dworekmarmis.pl\/cs\/wp-json\/wp\/v2\/pages\/306\/revisions"}],"predecessor-version":[{"id":568,"href":"https:\/\/www.dworekmarmis.pl\/cs\/wp-json\/wp\/v2\/pages\/306\/revisions\/568"}],"wp:featuredmedia":[{"embeddable":true,"href":"https:\/\/www.dworekmarmis.pl\/cs\/wp-json\/wp\/v2\/media\/820"}],"wp:attachment":[{"href":"https:\/\/www.dworekmarmis.pl\/cs\/wp-json\/wp\/v2\/media?parent=306"}],"curies":[{"name":"wp","href":"https:\/\/api.w.org\/{rel}","templated":true}]}}