{"id":3,"date":"2021-08-15T13:36:18","date_gmt":"2021-08-15T13:36:18","guid":{"rendered":"https:\/\/www.marmis-apartments.com\/?page_id=3"},"modified":"2024-12-31T10:52:47","modified_gmt":"2024-12-31T09:52:47","slug":"zasady-ochrany-osobnich-udaju","status":"publish","type":"page","link":"https:\/\/www.dworekmarmis.pl\/cs\/polityka-prywatnosci\/","title":{"rendered":"Z\u00e1sady ochrany osobn\u00edch \u00fadaj\u016f"},"content":{"rendered":"<div class=\"wpb-content-wrapper\"><div class=\"vc_row wpb_row vc_row-fluid\"><div class=\"wpb_column vc_column_container vc_col-sm-12\"><div class=\"vc_column-inner\"><div class=\"wpb_wrapper\">\n\t<div class=\"wpb_text_column wpb_content_element\" >\n\t\t<div class=\"wpb_wrapper\">\n\t\t\t<p><strong>Dworek Marmis<\/strong><br \/>\n<span class=\"elementor-icon-list-text\">Grudza 44<br \/>\n<\/span><span class=\"elementor-icon-list-text\">59-630 Mirsk<\/span><\/p>\n\n\t\t<\/div>\n\t<\/div>\n<\/div><\/div><\/div><\/div><div class=\"vc_row wpb_row vc_row-fluid\"><div class=\"wpb_column vc_column_container vc_col-sm-12\"><div class=\"vc_column-inner\"><div class=\"wpb_wrapper\">\n\t<div class=\"wpb_text_column wpb_content_element\" >\n\t\t<div class=\"wpb_wrapper\">\n\t\t\t<article>\n<h1 class=\"page-title text-center\">Pravidla webov\u00fdch str\u00e1nek<\/h1>\n<h2>I. Obecn\u00e9 pojmy<\/h2>\n<ul>\n<li><strong>Statut<\/strong> \u2013 tyto p\u0159edpisy<\/li>\n<li><strong>Servis<\/strong> \u2013 Webov\u00e1 str\u00e1nka Dworek Marmis, dostupn\u00e1 na adrese dziekmarmis.pl<\/li>\n<li><strong>Poskytovatel slu\u017eeb<\/strong> \u2013 vlastn\u00edkem webu je fyzick\u00e1 osoba<\/li>\n<li><strong>P\u0159\u00edjemce slu\u017eby<\/strong> \u2013 jak\u00e1koli fyzick\u00e1 osoba, kter\u00e1 z\u00edsk\u00e1v\u00e1 p\u0159\u00edstup na Webov\u00e9 str\u00e1nky a vyu\u017e\u00edv\u00e1 slu\u017eeb poskytovan\u00fdch prost\u0159ednictv\u00edm Webu Poskytovatelem slu\u017eeb.<\/li>\n<li><strong>Elektronick\u00e1 komunikace<\/strong> \u2013 Komunikace mezi stranami prost\u0159ednictv\u00edm elektronick\u00e9 po\u0161ty (e-mailu) a kontaktn\u00edch formul\u00e1\u0159\u016f dostupn\u00fdch na webov\u00fdch str\u00e1nk\u00e1ch.<\/li>\n<\/ul>\n<h2>II. Obecn\u00e1 ustanoven\u00ed<\/h2>\n<ul>\n<li>Pravidla vymezuj\u00ed principy fungov\u00e1n\u00ed a pou\u017e\u00edv\u00e1n\u00ed Webu a up\u0159es\u0148uj\u00ed rozsah pr\u00e1v a povinnost\u00ed P\u0159\u00edjemc\u016f slu\u017eeb a Poskytovatele slu\u017eeb souvisej\u00edc\u00edch s pou\u017e\u00edv\u00e1n\u00edm Webu.<\/li>\n<li>P\u0159edm\u011btem slu\u017eeb Poskytovatele slu\u017eeb je poskytov\u00e1n\u00ed bezplatn\u00fdch n\u00e1stroj\u016f v podob\u011b Webov\u00fdch str\u00e1nek umo\u017e\u0148uj\u00edc\u00edch U\u017eivatel\u016fm Slu\u017eby p\u0159\u00edstup k obsahu v podob\u011b p\u0159\u00edsp\u011bvk\u016f, \u010dl\u00e1nk\u016f a audiovizu\u00e1ln\u00edch materi\u00e1l\u016f nebo internetov\u00fdch aplikac\u00ed a elektronick\u00fdch formul\u00e1\u0159\u016f.<\/li>\n<li>Ve\u0161ker\u00fd p\u0159\u00edpadn\u00fd obsah, \u010dl\u00e1nky a informace obsahuj\u00edc\u00ed tipy nebo rady zve\u0159ejn\u011bn\u00e9 na Webu jsou pouze obecn\u00fdmi informacemi a nejsou ur\u010deny jednotliv\u00fdm U\u017eivatel\u016fm Slu\u017eby. Poskytovatel slu\u017eeb nenese odpov\u011bdnost za jejich pou\u017eit\u00ed P\u0159\u00edjemci slu\u017eeb.<\/li>\n<li>P\u0159\u00edjemce slu\u017eby p\u0159eb\u00edr\u00e1 plnou odpov\u011bdnost za pou\u017eit\u00ed materi\u00e1l\u016f zp\u0159\u00edstupn\u011bn\u00fdch na webov\u00fdch str\u00e1nk\u00e1ch, v\u010detn\u011b jejich pou\u017eit\u00ed v souladu s platn\u00fdmi pr\u00e1vn\u00edmi p\u0159edpisy.<\/li>\n<li>Poskytovatel slu\u017eeb neposkytuje \u017e\u00e1dnou z\u00e1ruku na vhodnost materi\u00e1l\u016f um\u00edst\u011bn\u00fdch na Webu.<\/li>\n<li>Poskytovatel slu\u017eby nenese odpov\u011bdnost za jakoukoli \u0161kodu vzniklou U\u017eivatel\u016fm Webu nebo t\u0159et\u00edm osob\u00e1m v souvislosti s pou\u017e\u00edv\u00e1n\u00edm Webu. Ve\u0161ker\u00e1 rizika spojen\u00e1 s pou\u017e\u00edv\u00e1n\u00edm webov\u00fdch str\u00e1nek, a zejm\u00e9na s pou\u017e\u00edv\u00e1n\u00edm a vyu\u017e\u00edv\u00e1n\u00edm informac\u00ed zve\u0159ejn\u011bn\u00fdch na webov\u00fdch str\u00e1nk\u00e1ch, nese P\u0159\u00edjemce slu\u017eby vyu\u017e\u00edvaj\u00edc\u00ed slu\u017eeb webov\u00fdch str\u00e1nek.<\/li>\n<\/ul>\n<h2>III. Podm\u00ednky pou\u017e\u00edv\u00e1n\u00ed webov\u00fdch str\u00e1nek<\/h2>\n<ul>\n<li>Pou\u017e\u00edv\u00e1n\u00ed webov\u00fdch str\u00e1nek ka\u017ed\u00fdm P\u0159\u00edjemcem slu\u017eby je bezplatn\u00e9 a dobrovoln\u00e9.<\/li>\n<li>P\u0159\u00edjemci slu\u017eeb jsou povinni si p\u0159e\u010d\u00edst Pravidla a dal\u0161\u00ed dokumenty tvo\u0159\u00edc\u00ed jejich ned\u00edlnou sou\u010d\u00e1st a mus\u00ed p\u0159ijmout jejich ustanoven\u00ed v cel\u00e9m rozsahu, aby mohli nad\u00e1le pou\u017e\u00edvat Webov\u00e9 str\u00e1nky.<\/li>\n<li>P\u0159\u00edjemci slu\u017eeb nesm\u00ed pou\u017e\u00edvat \u017e\u00e1dn\u00e9 osobn\u00ed \u00fadaje z\u00edskan\u00e9 na Webov\u00fdch str\u00e1nk\u00e1ch pro marketingov\u00e9 \u00fa\u010dely.<\/li>\n<li>Technick\u00e9 po\u017eadavky na pou\u017e\u00edv\u00e1n\u00ed webu:\n<ul>\n<li>za\u0159\u00edzen\u00ed s displejem umo\u017e\u0148uj\u00edc\u00edm zobrazov\u00e1n\u00ed webov\u00fdch str\u00e1nek,<\/li>\n<li>P\u0159ipojen\u00ed k internetu,<\/li>\n<li>jak\u00fdkoli webov\u00fd prohl\u00ed\u017ee\u010d, kter\u00fd zobrazuje webov\u00e9 str\u00e1nky v souladu se standardy a ustanoven\u00edmi konsorcia W3C a podporuje webov\u00e9 str\u00e1nky poskytovan\u00e9 v HTML5,<\/li>\n<li>povolena podpora JavaScriptu,<\/li>\n<li>Podpora cookies povolena<\/li>\n<\/ul>\n<\/li>\n<li>Aby byla zaji\u0161t\u011bna bezpe\u010dnost poskytovatele slu\u017eeb, p\u0159\u00edjemce slu\u017eeb a dal\u0161\u00edch p\u0159\u00edjemc\u016f slu\u017eeb pou\u017e\u00edvaj\u00edc\u00edch webov\u00e9 str\u00e1nky, m\u011bli by v\u0161ichni p\u0159\u00edjemci slu\u017eeb pou\u017e\u00edvaj\u00edc\u00ed webov\u00e9 str\u00e1nky dodr\u017eovat obecn\u011b uzn\u00e1van\u00e9 <a href=\"https:\/\/nety.pl\/cyberbezpieczenstwo\/zasady-ogolne-korzystania-z-sieci-internet\/\">pravidla online bezpe\u010dnosti<\/a>,<\/li>\n<li>\u010cinnosti prov\u00e1d\u011bn\u00e9 osobn\u011b p\u0159\u00edjemci slu\u017eeb nebo pomoc\u00ed softwaru jsou zak\u00e1z\u00e1ny:\n<ul>\n<li>bez p\u00edsemn\u00e9ho souhlasu, dekompilaci a anal\u00fdzu zdrojov\u00e9ho k\u00f3du,<\/li>\n<li>bez p\u00edsemn\u00e9ho souhlasu zp\u016fsobuj\u00edc\u00ed nadm\u011brn\u00e9 zat\u00ed\u017een\u00ed serveru Webu,<\/li>\n<li>pokusy bez p\u00edsemn\u00e9ho souhlasu odhalit bezpe\u010dnostn\u00ed mezery na webov\u00fdch str\u00e1nk\u00e1ch a konfiguraci serveru,<\/li>\n<li>pokus o nahr\u00e1n\u00ed nebo spu\u0161t\u011bn\u00ed k\u00f3du, skript\u016f a softwaru na server a datab\u00e1zi, kter\u00e9 mohou zp\u016fsobit po\u0161kozen\u00ed softwaru webov\u00fdch str\u00e1nek, jin\u00fdch p\u0159\u00edjemc\u016f slu\u017eeb nebo poskytovatele slu\u017eeb,<\/li>\n<li>pokusu o nahr\u00e1n\u00ed nebo spu\u0161t\u011bn\u00ed k\u00f3du, skript\u016f a softwaru na server a datab\u00e1zi, kter\u00e9 mohou sledovat nebo kr\u00e1st data u\u017eivatel\u016f slu\u017eeb nebo poskytovatele slu\u017eeb,<\/li>\n<li>podniknut\u00ed jak\u00e9hokoli opat\u0159en\u00ed sm\u011b\u0159uj\u00edc\u00edho k po\u0161kozen\u00ed nebo zablokov\u00e1n\u00ed provozu webov\u00e9 str\u00e1nky nebo znemo\u017en\u011bn\u00ed dosa\u017een\u00ed \u00fa\u010delu, pro kter\u00fd webov\u00e9 str\u00e1nky funguj\u00ed.<\/li>\n<\/ul>\n<\/li>\n<li>Pokud je zji\u0161t\u011bn nebo pravd\u011bpodobn\u011b dojde k kybernetick\u00e9mu incidentu nebo poru\u0161en\u00ed GDPR, m\u011bli by p\u0159\u00edjemci slu\u017eeb tuto skute\u010dnost nejprve nahl\u00e1sit poskytovateli slu\u017eeb, aby byl probl\u00e9m\/hrozba rychle odstran\u011bn a byly chr\u00e1n\u011bny z\u00e1jmy v\u0161ech p\u0159\u00edjemc\u016f slu\u017eeb na webu.<\/li>\n<\/ul>\n<h2>IV. Podm\u00ednky registrace<\/h2>\n<ul>\n<li>P\u0159\u00edjemci slu\u017eeb mohou pou\u017e\u00edvat Webov\u00e9 str\u00e1nky bez nutnosti registrace.<\/li>\n<li>P\u0159\u00edjemci slu\u017eeb mus\u00ed b\u00fdt registrov\u00e1ni a m\u00edt \u00fa\u010det na Webu, aby mohli vyu\u017e\u00edvat dal\u0161\u00ed slu\u017eby poskytovan\u00e9 na Webu, dostupn\u00e9 pouze P\u0159\u00edjemc\u016fm slu\u017eeb po p\u0159ihl\u00e1\u0161en\u00ed.<\/li>\n<li>Registrace na webu je dobrovoln\u00e1.<\/li>\n<li>Registrace na webu je bezplatn\u00e1.<\/li>\n<li>Ka\u017ed\u00fd P\u0159\u00edjemce slu\u017eby m\u016f\u017ee m\u00edt na Webu pouze jeden \u00fa\u010det.<\/li>\n<li>Technick\u00e9 po\u017eadavky na registraci \u00fa\u010dtu:\n<ul>\n<li>m\u00edt individu\u00e1ln\u00ed e-mailov\u00fd \u00fa\u010det,<\/li>\n<\/ul>\n<\/li>\n<li>P\u0159\u00edjemci slu\u017eeb registruj\u00edc\u00ed se na Webu souhlas\u00ed se zpracov\u00e1n\u00edm sv\u00fdch osobn\u00edch \u00fadaj\u016f P\u0159\u00edjemcem slu\u017eby v rozsahu, v jak\u00e9m byli zad\u00e1ni do Webu b\u011bhem procesu registrace a jejich n\u00e1sledn\u00fdmi zm\u011bnami nebo smaz\u00e1n\u00edm.<\/li>\n<li>Poskytovatel slu\u017eby m\u00e1 pr\u00e1vo dle vlastn\u00edho uv\u00e1\u017een\u00ed pozastavit nebo smazat \u00fa\u010dty U\u017eivatel\u016f Slu\u017eby, a t\u00edm znemo\u017enit nebo omezit p\u0159\u00edstup k jednotliv\u00fdm nebo v\u0161em slu\u017eb\u00e1m, obsahu, materi\u00e1l\u016fm a zdroj\u016fm Webu, zejm\u00e9na pokud U\u017eivatel Slu\u017eby poru\u0161\u00ed Pravidla, obecn\u011b z\u00e1vazn\u00fdch ustanoven\u00ed pr\u00e1vn\u00edch p\u0159edpis\u016f, z\u00e1sad spole\u010densk\u00e9ho sou\u017eit\u00ed nebo jedn\u00e1n\u00ed v neprosp\u011bch Poskytovatele slu\u017eeb nebo jin\u00fdch P\u0159\u00edjemc\u016f slu\u017eeb, opr\u00e1vn\u011bn\u00e9ho z\u00e1jmu Poskytovatele slu\u017eby a t\u0159et\u00edch osob spolupracuj\u00edc\u00edch \u010di nespolupracuj\u00edc\u00edch s Poskytovatelem slu\u017eeb.<\/li>\n<li>Ve\u0161ker\u00e9 slu\u017eby Webu mohou b\u00fdt z hlediska jejich obsahu a rozsahu zm\u011bn\u011bny, p\u0159id\u00e1ny nebo odebr\u00e1ny, jako\u017e i do\u010dasn\u011b pozastaveny nebo k nim m\u016f\u017ee b\u00fdt omezen p\u0159\u00edstup, dle uv\u00e1\u017een\u00ed Poskytovatele slu\u017eeb, ani\u017e by u\u017eivatel\u00e9 slu\u017eeb mohli vzn\u00e9st n\u00e1mitky proti tomuto pova\u017eovat.<\/li>\n<li>Dal\u0161\u00ed bezpe\u010dnostn\u00ed pravidla t\u00fdkaj\u00edc\u00ed se pou\u017e\u00edv\u00e1n\u00ed \u00fa\u010dtu:\n<ul>\n<li>U\u017eivatel\u00e9 slu\u017eby registrovan\u00ed na webov\u00fdch str\u00e1nk\u00e1ch maj\u00ed zak\u00e1z\u00e1no sd\u00edlet p\u0159ihla\u0161ovac\u00ed jm\u00e9no a heslo ke sv\u00e9mu \u00fa\u010dtu s t\u0159et\u00edmi stranami.<\/li>\n<li>Poskytovatel slu\u017eeb nem\u00e1 \u017e\u00e1dn\u00e9 pr\u00e1vo a nikdy nebude vy\u017eadovat heslo u\u017eivatele slu\u017eby k vybran\u00e9mu \u00fa\u010dtu.<\/li>\n<\/ul>\n<\/li>\n<li>Maz\u00e1n\u00ed \u00fa\u010dt\u016f:\n<ul>\n<li>Ka\u017ed\u00fd U\u017eivatel Slu\u017eby, kter\u00fd m\u00e1 \u00fa\u010det na Webu, m\u00e1 mo\u017enost \u00fa\u010det z Webu nez\u00e1visle smazat.<\/li>\n<li>P\u0159\u00edjemci slu\u017eby tak mohou u\u010dinit po p\u0159ihl\u00e1\u0161en\u00ed do panelu na Webu.<\/li>\n<li>Smaz\u00e1n\u00edm \u00fa\u010dtu dojde ke smaz\u00e1n\u00ed v\u0161ech identifika\u010dn\u00edch \u00fadaj\u016f U\u017eivatele Slu\u017eby a anonymizaci u\u017eivatelsk\u00e9ho jm\u00e9na a e-mailov\u00e9 adresy.<\/li>\n<\/ul>\n<\/li>\n<\/ul>\n<h2>V. Podm\u00ednky komunikace a poskytov\u00e1n\u00ed dal\u0161\u00edch slu\u017eeb na Webu<\/h2>\n<ul>\n<li>Webov\u00e9 str\u00e1nky poskytuj\u00ed slu\u017eby a n\u00e1stroje, kter\u00e9 umo\u017e\u0148uj\u00ed u\u017eivatel\u016fm slu\u017eeb interakci s webem ve form\u011b:\n<ul>\n<li>Kontaktn\u00ed formul\u00e1\u0159<\/li>\n<li>Publikov\u00e1n\u00ed vlastn\u00edho obsahu v podob\u011b grafick\u00fdch a multimedi\u00e1ln\u00edch materi\u00e1l\u016f<\/li>\n<\/ul>\n<\/li>\n<li>Web poskytuje kontaktn\u00ed \u00fadaje ve tvaru:\n<ul>\n<li>Emailov\u00e1 adresa<\/li>\n<li>Kontaktn\u00ed telefonn\u00ed \u010d\u00edslo<\/li>\n<\/ul>\n<\/li>\n<li>Pokud P\u0159\u00edjemce slu\u017eby kontaktuje Poskytovatele slu\u017eeb, budou osobn\u00ed \u00fadaje P\u0159\u00edjemc\u016f slu\u017eeb zpracov\u00e1ny v souladu s \u201e<a href=\"https:\/\/www.dworekmarmis.pl\/cs\/zasady-ochrany-osobnich-udaju-2\/\">Z\u00e1sady ochrany osobn\u00edch \u00fadaj\u016f<\/a>\u201c, tvo\u0159\u00edc\u00ed ned\u00edlnou sou\u010d\u00e1st Pravidel.<\/li>\n<li>Podm\u00ednky pro um\u00edst\u011bn\u00ed obsahu p\u0159\u00edjemci slu\u017eeb na webov\u00e9 str\u00e1nky:\n<ul>\n<li>Je zak\u00e1z\u00e1no zve\u0159ej\u0148ovat na Webu obsah, kter\u00fd je ur\u00e1\u017eliv\u00fd nebo pomlouva\u010dn\u00fd v\u016f\u010di Poskytovateli slu\u017eby, ostatn\u00edm U\u017eivatel\u016fm slu\u017eby, t\u0159et\u00edm stran\u00e1m a t\u0159et\u00edm stran\u00e1m,<\/li>\n<li>Na Webov\u00e9 str\u00e1nky je zak\u00e1z\u00e1no um\u00eds\u0165ovat textov\u00e9, grafick\u00e9, audiovizu\u00e1ln\u00ed materi\u00e1ly, sc\u00e9n\u00e1\u0159e, programy a jin\u00e1 d\u00edla, ke kter\u00fdm U\u017eivatel Slu\u017eby nem\u00e1 licenci nebo jejich\u017e autor majetkov\u00fdch pr\u00e1v nedal souhlas k bezplatn\u00e9mu zve\u0159ejn\u011bn\u00ed,<\/li>\n<li>Je zak\u00e1z\u00e1no zve\u0159ej\u0148ovat na webov\u00fdch str\u00e1nk\u00e1ch vulg\u00e1rn\u00ed, pornografick\u00fd, erotick\u00fd obsah nebo obsah neslu\u010diteln\u00fd s polsk\u00fdm a evropsk\u00fdm pr\u00e1vem, jako\u017e i odkazy na webov\u00e9 str\u00e1nky obsahuj\u00edc\u00ed uveden\u00fd obsah,<\/li>\n<li>Je zak\u00e1z\u00e1no um\u00eds\u0165ovat na webov\u00e9 str\u00e1nky skripty a programy, kter\u00e9 nadm\u011brn\u011b zat\u011b\u017euj\u00ed server, neleg\u00e1ln\u00ed software, software ur\u010den\u00fd k naru\u0161en\u00ed bezpe\u010dnosti nebo jin\u00e9 podobn\u00e9 \u010dinnosti, jako\u017e i odkazy na webov\u00e9 str\u00e1nky obsahuj\u00edc\u00ed uveden\u00e9 materi\u00e1ly,<\/li>\n<li>Na Web je zak\u00e1z\u00e1no zve\u0159ej\u0148ovat marketingov\u00fd obsah nebo obsah inzeruj\u00edc\u00ed jin\u00e9 komer\u010dn\u00ed webov\u00e9 str\u00e1nky, produkty, slu\u017eby nebo komer\u010dn\u00ed webov\u00e9 str\u00e1nky.<\/li>\n<\/ul>\n<\/li>\n<\/ul>\n<h2>VI. Shroma\u017e\u010fov\u00e1n\u00ed \u00fadaj\u016f o p\u0159\u00edjemc\u00edch slu\u017eeb<\/h2>\n<p>Za \u00fa\u010delem \u0159\u00e1dn\u00e9ho poskytov\u00e1n\u00ed slu\u017eeb prost\u0159ednictv\u00edm Webu, zaji\u0161t\u011bn\u00ed pr\u00e1vn\u00edho z\u00e1jmu Poskytovatele slu\u017eeb a zaji\u0161t\u011bn\u00ed souladu provozu Webu s platn\u00fdmi pr\u00e1vn\u00edmi p\u0159edpisy shroma\u017e\u010fuje Poskytovatel slu\u017eeb prost\u0159ednictv\u00edm Webu ur\u010dit\u00e9 \u00fadaje o U\u017eivatel\u00edch.<\/p>\n<p>Za \u00fa\u010delem \u0159\u00e1dn\u00e9ho poskytov\u00e1n\u00ed slu\u017eeb Web pou\u017e\u00edv\u00e1 a ukl\u00e1d\u00e1 n\u011bkter\u00e9 anonymn\u00ed informace o U\u017eivateli Slu\u017eby do soubor\u016f cookie.<\/p>\n<p>Rozsah, \u00fa\u010dely, zp\u016fsob a z\u00e1sady zpracov\u00e1n\u00ed \u00fadaj\u016f jsou uvedeny v p\u0159\u00edloh\u00e1ch Na\u0159\u00edzen\u00ed: &quot;<a href=\"https:\/\/www.dworekmarmis.pl\/cs\/zasady-ochrany-osobnich-udaju-2\/\">Informa\u010dn\u00ed povinnost GDPR<\/a>&quot;a v&quot;<a href=\"https:\/\/www.dworekmarmis.pl\/cs\/zasady-ochrany-osobnich-udaju-2\/\">Z\u00e1sady ochrany osobn\u00edch \u00fadaj\u016f<\/a>\u201c, tvo\u0159\u00edc\u00ed ned\u00edlnou sou\u010d\u00e1st Pravidel.<\/p>\n<ul>\n<li><em>\u00dadaje shroma\u017e\u010fovan\u00e9 automaticky:<\/em><br \/>\nPro efektivn\u00ed provoz webov\u00fdch str\u00e1nek a pro statistiky automaticky shroma\u017e\u010fujeme n\u011bkter\u00e9 \u00fadaje o u\u017eivateli slu\u017eby. Mezi tyto \u00fadaje pat\u0159\u00ed:<\/p>\n<ul>\n<li>IP adresa<\/li>\n<li>Typ prohl\u00ed\u017ee\u010de<\/li>\n<li>Rozli\u0161en\u00ed obrazovky<\/li>\n<li>P\u0159ibli\u017en\u00e1 poloha<\/li>\n<li>Otev\u0159en\u00e9 podstr\u00e1nky webu<\/li>\n<li>\u010cas str\u00e1ven\u00fd na p\u0159\u00edslu\u0161n\u00e9 podstr\u00e1nce webu<\/li>\n<li>Typ opera\u010dn\u00edho syst\u00e9mu<\/li>\n<li>Adresa p\u0159edchoz\u00ed podstr\u00e1nky<\/li>\n<li>Referen\u010dn\u00ed adresa<\/li>\n<li>Jazyk prohl\u00ed\u017ee\u010de<\/li>\n<li>Rychlost p\u0159ipojen\u00ed k internetu<\/li>\n<li>poskytovatel internetu<\/li>\n<li>Anonymn\u00ed demografick\u00e9 \u00fadaje zalo\u017een\u00e9 na \u00fadaj\u00edch Google Analytics:\n<ul>\n<li>Sex<\/li>\n<li>St\u00e1\u0159\u00ed<\/li>\n<li>Z\u00e1jmy<\/li>\n<\/ul>\n<\/li>\n<\/ul>\n<p>V\u00fd\u0161e uveden\u00e9 \u00fadaje jsou z\u00edsk\u00e1v\u00e1ny prost\u0159ednictv\u00edm skriptu Google Analytics a jsou anonymn\u00ed.<\/li>\n<li><em>\u00dadaje shrom\u00e1\u017ed\u011bn\u00e9 b\u011bhem registrace:<\/em><br \/>\nU\u017eivatelsk\u00e9 jm\u00e9no, jm\u00e9no a p\u0159\u00edjmen\u00ed, e-mailov\u00e1 adresa V p\u0159\u00edpad\u011b p\u0159ihl\u00e1\u0161en\u00fdch U\u017eivatel\u016f Slu\u017eby (kte\u0159\u00ed maj\u00ed \u00fa\u010det na Webu) m\u016f\u017ee b\u00fdt ID U\u017eivatele Slu\u017eby spojen\u00e9 s \u00fa\u010dtem U\u017eivatele Slu\u017eby zahrnuto do soubor\u016f cookie ulo\u017een\u00fdch ve Slu\u017eb\u011b. Za\u0159\u00edzen\u00ed u\u017eivatele.<\/li>\n<\/ul>\n<h2>VII. autorsk\u00e1 pr\u00e1va<\/h2>\n<ul>\n<li>Vlastn\u00edkem webov\u00fdch str\u00e1nek a autorsk\u00fdch pr\u00e1v k t\u011bmto str\u00e1nk\u00e1m je poskytovatel slu\u017eeb.<\/li>\n<li>N\u011bkter\u00e1 data zve\u0159ejn\u011bn\u00e1 na Webov\u00fdch str\u00e1nk\u00e1ch jsou chr\u00e1n\u011bna autorsk\u00fdm pr\u00e1vem spole\u010dnost\u00ed, instituc\u00ed a t\u0159et\u00edch stran, kter\u00e9 nejsou nijak spojeny s Poskytovatelem slu\u017eeb, a jsou pou\u017e\u00edv\u00e1ny na z\u00e1klad\u011b z\u00edskan\u00fdch licenc\u00ed nebo na z\u00e1klad\u011b bezplatn\u00e9 licence.<\/li>\n<li>V souladu se z\u00e1konem o autorsk\u00fdch pr\u00e1vech ze dne 4. \u00fanora 1994 je zak\u00e1z\u00e1no pou\u017e\u00edvat, kop\u00edrovat, reprodukovat v jak\u00e9koli form\u011b nebo ukl\u00e1dat do vyhled\u00e1vac\u00edch syst\u00e9m\u016f, s v\u00fdjimkou vyhled\u00e1va\u010d\u016f Google, Bing, Yahoo, NetSprint, DuckDuckGo, Facebook a LinkedIn, jak\u00e9koli \u010dl\u00e1nky, popisy, fotografie a jak\u00fdkoli jin\u00fd obsah, grafick\u00e9, obrazov\u00e9 nebo zvukov\u00e9 materi\u00e1ly obsa\u017een\u00e9 na webov\u00fdch str\u00e1nk\u00e1ch bez p\u00edsemn\u00e9ho souhlasu nebo souhlasu p\u0159ed\u00e1van\u00e9ho prost\u0159ednictv\u00edm elektronick\u00e9 komunikace jejich z\u00e1konn\u00e9ho vlastn\u00edka.<\/li>\n<li>Podle z\u00e1kona ze dne 4. \u00fanora 1994 o autorsk\u00e9m pr\u00e1vu nejsou chr\u00e1n\u011bny prost\u00e9 tiskov\u00e9 informace, ch\u00e1pan\u00e9 pouze jako informace, bez koment\u00e1\u0159e \u010di posouzen\u00ed jejich autorem. Autor to ch\u00e1pe jako mo\u017enost vyu\u017eit\u00ed informac\u00ed z text\u016f um\u00edst\u011bn\u00fdch na webu, nikoli v\u0161ak kop\u00edrov\u00e1n\u00ed v\u0161ech \u010dl\u00e1nk\u016f nebo jejich \u010d\u00e1sti, pokud to nebylo ozna\u010deno v jednotliv\u00fdch materi\u00e1lech dostupn\u00fdch na webu.<\/li>\n<\/ul>\n<h2>VIII. Zm\u011bny Pravidel<\/h2>\n<ul>\n<li>Ve\u0161ker\u00e1 ustanoven\u00ed Pravidel m\u016f\u017ee Poskytovatel slu\u017eeb kdykoli bez ud\u00e1n\u00ed d\u016fvod\u016f jednostrann\u011b zm\u011bnit.<\/li>\n<li>Informace o zm\u011bn\u00e1ch Pravidel budou zasl\u00e1ny elektronicky U\u017eivatel\u016fm Slu\u017eby registrovan\u00fdm na Webu.<\/li>\n<li>V p\u0159\u00edpad\u011b zm\u011bny Pravidel vstoup\u00ed jej\u00ed ustanoven\u00ed v platnost ihned po jej\u00edm zve\u0159ejn\u011bn\u00ed pro U\u017eivatele Slu\u017eby, kte\u0159\u00ed nemaj\u00ed \u00fa\u010det na Webu.<\/li>\n<li>V p\u0159\u00edpad\u011b zm\u011bny Pravidel vstoup\u00ed jej\u00ed ustanoven\u00ed v platnost se 7denn\u00edm p\u0159echodn\u00fdm obdob\u00edm pro U\u017eivatele Slu\u017eeb, kte\u0159\u00ed maj\u00ed \u00fa\u010dty na Webu registrovan\u00e9 p\u0159ed zm\u011bnou Pravidel.<\/li>\n<li>M\u00e1 se za to, \u017ee ka\u017ed\u00fd P\u0159\u00edjemce slu\u017eby, kter\u00fd bude nad\u00e1le pou\u017e\u00edvat Webov\u00e9 str\u00e1nky po zm\u011bn\u011b P\u0159edpis\u016f, je v cel\u00e9m rozsahu p\u0159ij\u00edm\u00e1.<\/li>\n<\/ul>\n<h2>IX. Z\u00e1v\u011bre\u010dn\u00e1 ustanoven\u00ed<\/h2>\n<ul>\n<li>Poskytovatel slu\u017eeb nen\u00ed \u017e\u00e1dn\u00fdm zp\u016fsobem odpov\u011bdn\u00fd, krom\u011b p\u0159\u00edpad\u016f povolen\u00fdch platn\u00fdmi pr\u00e1vn\u00edmi p\u0159edpisy, za obsah p\u0159en\u00e1\u0161en\u00fd a publikovan\u00fd na Webov\u00fdch str\u00e1nk\u00e1ch P\u0159\u00edjemci slu\u017eeb, za jeho pravdivost, spolehlivost, pravost nebo pr\u00e1vn\u00ed vady.<\/li>\n<li>Poskytovatel slu\u017eeb vynalo\u017e\u00ed ve\u0161ker\u00e9 \u00fasil\u00ed, aby zajistil nep\u0159etr\u017eitou nab\u00eddku slu\u017eeb Webu. Nenese v\u0161ak odpov\u011bdnost za naru\u0161en\u00ed zp\u016fsoben\u00e1 vy\u0161\u0161\u00ed moc\u00ed nebo neopr\u00e1vn\u011bn\u00fdmi z\u00e1sahy U\u017eivatel\u016f slu\u017eeb, t\u0159et\u00edch stran nebo provozem extern\u00edch automatick\u00fdch program\u016f.<\/li>\n<li>Poskytovatel slu\u017eby si vyhrazuje pr\u00e1vo zm\u011bnit jak\u00e9koli informace zve\u0159ejn\u011bn\u00e9 na webov\u00fdch str\u00e1nk\u00e1ch v \u010dase zvolen\u00e9m poskytovatelem slu\u017eby, ani\u017e by o tom musel p\u0159edem informovat u\u017eivatele slu\u017eby vyu\u017e\u00edvaj\u00edc\u00ed slu\u017eby webov\u00fdch str\u00e1nek.<\/li>\n<li>Poskytovatel slu\u017eby si vyhrazuje pr\u00e1vo do\u010dasn\u011b, \u00fapln\u011b nebo \u010d\u00e1ste\u010dn\u011b deaktivovat Webov\u00e9 str\u00e1nky za \u00fa\u010delem jejich vylep\u0161en\u00ed, p\u0159id\u00e1n\u00ed slu\u017eeb nebo proveden\u00ed \u00fadr\u017eby, a to bez p\u0159edchoz\u00edho upozorn\u011bn\u00ed U\u017eivatel\u016f slu\u017eby.<\/li>\n<li>Poskytovatel slu\u017eby si vyhrazuje pr\u00e1vo trvale deaktivovat webovou str\u00e1nku bez p\u0159edchoz\u00edho upozorn\u011bn\u00ed u\u017eivatel\u016fm slu\u017eby.<\/li>\n<li>Poskytovatel slu\u017eby si vyhrazuje pr\u00e1vo postoupit, z\u010d\u00e1sti nebo zcela, v\u0161echna sv\u00e1 pr\u00e1va a povinnosti souvisej\u00edc\u00ed s webem, a to bez souhlasu nebo mo\u017enosti vyj\u00e1d\u0159it jak\u00e9koli n\u00e1mitky ze strany u\u017eivatel\u016f slu\u017eby.<\/li>\n<li>Aktu\u00e1ln\u00ed a p\u0159edchoz\u00ed Pravidla webov\u00fdch str\u00e1nek naleznete na t\u00e9to podstr\u00e1nce pod aktu\u00e1ln\u00edmi pravidly.<\/li>\n<li>Ve v\u0161ech z\u00e1le\u017eitostech souvisej\u00edc\u00edch s provozem webov\u00fdch str\u00e1nek kontaktujte pros\u00edm Poskytovatele slu\u017eeb pomoc\u00ed jednoho z n\u00e1sleduj\u00edc\u00edch kontaktn\u00edch formul\u00e1\u0159\u016f:\n<ul>\n<li>Pomoc\u00ed kontaktn\u00edho formul\u00e1\u0159e dostupn\u00e9ho na Webu<\/li>\n<li>Odesl\u00e1n\u00edm zpr\u00e1vy na n\u00e1sleduj\u00edc\u00ed e-mailovou adresu: info@marmis-apartments.com<\/li>\n<li>Zavol\u00e1n\u00edm na \u010d\u00edslo: +48 516 53 53 73<\/li>\n<\/ul>\n<p>Kontakt pomoc\u00ed uveden\u00fdch komunika\u010dn\u00edch prost\u0159edk\u016f pouze v z\u00e1le\u017eitostech souvisej\u00edc\u00edch s webem.<\/li>\n<\/ul>\n<\/article>\n\n\t\t<\/div>\n\t<\/div>\n<\/div><\/div><\/div><\/div><div class=\"vc_row wpb_row vc_row-fluid\"><div class=\"wpb_column vc_column_container vc_col-sm-12\"><div class=\"vc_column-inner\"><div class=\"wpb_wrapper\">\n\t<div class=\"wpb_text_column wpb_content_element\" >\n\t\t<div class=\"wpb_wrapper\">\n\t\t\t<p>Ke spr&aacute;v\u011b soubor\u016f cookie a podobn&yacute;ch technologi&iacute; (sledovac&iacute; pixely, maj&aacute;ky atd.) a souvisej&iacute;c&iacute;ch souhlas\u016f pou\u017e&iacute;v&aacute;me n&aacute;stroj pro ud\u011blov&aacute;n&iacute; souhlas\u016f &quot;Real Cookie Banner&quot;. Podrobnosti o fungov&aacute;n&iacute; n&aacute;stroje &quot;Real Cookie Banner&quot; naleznete na adrese. &lt;a href=&quot;\/cs\/&rdquo;https:\/\/devowl.io\/de\/rcb\/datenverarbeitung\/&rdquo;\/&quot; rel=&quot;&rdquo;noreferrer&rdquo;&quot; target=&quot;&rdquo;_blank&rdquo;&quot;&gt;<a href=\"https:\/\/devowl.io\/de\/rcb\/datenverarbeitung\/\" target=\"_new\" rel=\"noopener\">https:\/\/devowl.io\/de\/rcb\/datenverarbeitung\/<\/a>&lt;\/a&gt;.<\/p>\n<p>Pr\u00e1vn\u00edm z\u00e1kladem pro zpracov\u00e1n\u00ed osobn\u00edch \u00fadaj\u016f v t\u00e9to souvislosti je \u010dl.6 odst.1 p\u00edsm. c) RODO a \u010dl.6 odst.1 p\u00edsm. f) RODO. Na\u0161\u00edm opr\u00e1vn\u011bn\u00fdm z\u00e1jmem je spr\u00e1va pou\u017e\u00edvan\u00fdch soubor\u016f cookie, podobn\u00fdch technologi\u00ed a souvisej\u00edc\u00edch souhlas\u016f.<\/p>\n<p>Poskytnut\u00ed osobn\u00edch \u00fadaj\u016f nen\u00ed smluvn\u00edm po\u017eadavkem ani nen\u00ed nezbytn\u00e9 pro uzav\u0159en\u00ed smlouvy. Nejste povinni osobn\u00ed \u00fadaje poskytnout. Pokud osobn\u00ed \u00fadaje neposkytnete, nebudeme moci spravovat va\u0161e souhlasy.<\/p>\n\n\t\t<\/div>\n\t<\/div>\n<\/div><\/div><\/div><\/div>\n<\/div>","protected":false},"excerpt":{"rendered":"Dworek Marmis Grudza 44 59-630 Mirsk Podm\u00ednky slu\u017eby I. V\u0161eobecn\u00e9 podm\u00ednky Podm\u00ednky - tyto podm\u00ednky Slu\u017eba - webov\u00e9 str\u00e1nky Dworek Marmis, provozovan\u00e9 pod adresou dworekmarmis.pl Poskytovatel slu\u017eby - vlastn\u00edk webov\u00fdch str\u00e1nek je fyzick\u00e1 osoba P\u0159\u00edjemce slu\u017eby - jak\u00e1koli fyzick\u00e1 osoba, kter\u00e1 p\u0159istupuje na webov\u00e9 str\u00e1nky a vyu\u017e\u00edv\u00e1 slu\u017eby poskytovan\u00e9 prost\u0159ednictv\u00edm webov\u00fdch str\u00e1nek poskytovatelem slu\u017eby. Elektronick\u00e1 komunikace - ...","protected":false},"author":1,"featured_media":255,"parent":0,"menu_order":0,"comment_status":"closed","ping_status":"closed","template":"","meta":{"_acf_changed":false,"footnotes":""},"class_list":["post-3","page","type-page","status-publish","has-post-thumbnail","hentry"],"acf":[],"aioseo_notices":[],"_links":{"self":[{"href":"https:\/\/www.dworekmarmis.pl\/cs\/wp-json\/wp\/v2\/pages\/3","targetHints":{"allow":["GET"]}}],"collection":[{"href":"https:\/\/www.dworekmarmis.pl\/cs\/wp-json\/wp\/v2\/pages"}],"about":[{"href":"https:\/\/www.dworekmarmis.pl\/cs\/wp-json\/wp\/v2\/types\/page"}],"author":[{"embeddable":true,"href":"https:\/\/www.dworekmarmis.pl\/cs\/wp-json\/wp\/v2\/users\/1"}],"replies":[{"embeddable":true,"href":"https:\/\/www.dworekmarmis.pl\/cs\/wp-json\/wp\/v2\/comments?post=3"}],"version-history":[{"count":15,"href":"https:\/\/www.dworekmarmis.pl\/cs\/wp-json\/wp\/v2\/pages\/3\/revisions"}],"predecessor-version":[{"id":2516,"href":"https:\/\/www.dworekmarmis.pl\/cs\/wp-json\/wp\/v2\/pages\/3\/revisions\/2516"}],"wp:featuredmedia":[{"embeddable":true,"href":"https:\/\/www.dworekmarmis.pl\/cs\/wp-json\/wp\/v2\/media\/255"}],"wp:attachment":[{"href":"https:\/\/www.dworekmarmis.pl\/cs\/wp-json\/wp\/v2\/media?parent=3"}],"curies":[{"name":"wp","href":"https:\/\/api.w.org\/{rel}","templated":true}]}}