{"id":1061,"date":"2022-04-23T12:17:41","date_gmt":"2022-04-23T10:17:41","guid":{"rendered":"https:\/\/www.marmis-apartments.com\/?page_id=1061"},"modified":"2025-09-29T13:34:19","modified_gmt":"2025-09-29T11:34:19","slug":"predpisy","status":"publish","type":"page","link":"https:\/\/www.dworekmarmis.pl\/cs\/regulamin\/","title":{"rendered":"Statut"},"content":{"rendered":"<div class=\"wpb-content-wrapper\"><div class=\"vc_row wpb_row vc_row-fluid\"><div class=\"wpb_column vc_column_container vc_col-sm-12\"><div class=\"vc_column-inner\"><div class=\"wpb_wrapper\">\n\t<div class=\"wpb_text_column wpb_content_element\" >\n\t\t<div class=\"wpb_wrapper\">\n\t\t\t<h3>P\u0159edpisy za\u0159\u00edzen\u00ed &quot;Dworek Marmis&quot;.<\/h3>\n<p>&nbsp;<\/p>\n<p><strong>1. Hotelov\u00fd den<\/strong><\/p>\n<p>Check-in za\u010d\u00edn\u00e1 v 15:00 a kon\u010d\u00ed v 10:30 posledn\u00ed den pobytu.<\/p>\n<p><strong>2. Platby<\/strong><\/p>\n<p>Platba za pobyt se vyb\u00edr\u00e1 v hotovosti v den p\u0159\u00edjezdu podle v\u00e1mi dohodnut\u00e9ho term\u00ednu nebo p\u0159edchoz\u00edm p\u0159evodem na bankovn\u00ed \u00fa\u010det. Platba za pobyt se v p\u0159\u00edpad\u011b zkr\u00e1cen\u00ed pobytu nevrac\u00ed.<\/p>\n<p>M\u00edstn\u00ed poplatek \u010din\u00ed 3,00 PLN na osobu a den a vyb\u00edr\u00e1 se p\u0159i p\u0159\u00edjezdu na celou dobu pobytu.<\/p>\n<p>Z\u00e1loha na pobyt \u010din\u00ed 100 PLN a vyb\u00edr\u00e1 se v den p\u0159\u00edjezdu a vrac\u00ed se v den odjezdu.<\/p>\n<p>Z\u00e1loha bude zadr\u017eena v p\u0159\u00edpad\u011b po\u0161kozen\u00ed objektu hostem nebo nedodr\u017een\u00ed dohodnut\u00e9 doby odjezdu.<\/p>\n<p><strong>3. Kou\u0159en\u00ed<\/strong><\/p>\n<p>V cel\u00e9m objektu je p\u0159\u00edsn\u00fd z\u00e1kaz kou\u0159en\u00ed.<\/p>\n<p><strong>4. No\u010dn\u00ed ticho<\/strong><\/p>\n<p>V cel\u00e9m objektu plat\u00ed z\u00e1kaz vych\u00e1zen\u00ed od 23:00 do 6:00 r\u00e1no.<\/p>\n<p><strong>5. Dom\u00e1c\u00ed zv\u00ed\u0159ata povolena<\/strong><\/p>\n<p>Dom\u00e1c\u00ed mazl\u00ed\u010dci bohu\u017eel v objektu nejsou povoleni.<\/p>\n<p><strong>6. Odpov\u011bdnost za \u0161kody<\/strong><\/p>\n<p>Host\u00e9 za\u0159\u00edzen\u00ed jsou odpov\u011bdn\u00ed za \u0161kody zp\u016fsoben\u00e9 na pokoji\/apartm\u00e1nu\/za\u0159\u00edzen\u00ed. Po\u0161kozen\u00edm se rozum\u00ed jak zni\u010den\u00ed, tak po\u0161kozen\u00ed a ztr\u00e1ta vybaven\u00ed pokoje\/za\u0159\u00edzen\u00ed.<\/p>\n<p>V p\u0159\u00edpad\u011b, \u017ee dojde k po\u0161kozen\u00ed pokoje\/apartm\u00e1nu\/za\u0159\u00edzen\u00ed vinou hosta, je host povinen uhradit n\u00e1klady na opravu. Za \u0161kody zp\u016fsoben\u00e9 d\u011btmi odpov\u00eddaj\u00ed rodi\u010de.<\/p>\n<p><strong>7. Ozn\u00e1men\u00ed o po\u0161kozen\u00ed<\/strong><\/p>\n<p>Po\u0161kozen\u00ed pokoje nebo jeho zji\u0161t\u011bn\u00ed by m\u011bl host ozn\u00e1mit majiteli.<\/p>\n<p><strong>8. P\u0159\u00edstup do za\u0159\u00edzen\u00ed<\/strong><\/p>\n<p>P\u0159\u00edstup do za\u0159\u00edzen\u00ed je povolen pouze osob\u00e1m registrovan\u00fdm v za\u0159\u00edzen\u00ed. Vstup ve\u0159ejnosti je zak\u00e1z\u00e1n.<\/p>\n<p>Host\u00e9 jsou povinni pe\u010dliv\u011b uschovat kl\u00ed\u010d od pokoje. V p\u0159\u00edpad\u011b ztr\u00e1ty bude host\u016fm \u00fa\u010dtov\u00e1no 200 PLN za v\u00fdm\u011bnu dvou vlo\u017eek z\u00e1mku.<\/p>\n<p><strong>9. Nemovitost hosta<\/strong><\/p>\n<p>Majitel objektu Dworek Marmis neodpov\u00edd\u00e1 za po\u0161kozen\u00ed vozidla hosta ani za cennosti zanechan\u00e9 na pokoj\u00edch.<\/p>\n<p><strong>10. P\u00e1rty<\/strong><\/p>\n<p>Host\u00e9 se zavazuj\u00ed vyu\u017e\u00edvat pronajat\u00e9 pokoje nebo apartm\u00e1ny pouze k pobytov\u00fdm \u00fa\u010del\u016fm - po\u0159\u00e1d\u00e1n\u00ed akc\u00ed v za\u0159\u00edzen\u00ed je zak\u00e1z\u00e1no.<\/p>\n<p><strong>11. Ukon\u010den\u00ed pobytu<\/strong><\/p>\n<p>V p\u0159\u00edpad\u011b, \u017ee host v\u00fdrazn\u011b poru\u0161uje klid a\/nebo pohodu soused\u016f a nerespektuje obecn\u011b platn\u00e9 normy sou\u017eit\u00ed mezi lidmi, vyhrazuje si majitel ubytov\u00e1n\u00ed Dworek Marmis pr\u00e1vo ukon\u010dit pobyt hosta v ubytov\u00e1n\u00ed a nen\u00ed povinen vr\u00e1tit pen\u00edze za nevyu\u017eitou dobu.<\/p>\n<p>&nbsp;<\/p>\n<p>Pou\u017e\u00edv\u00e1n\u00ed slu\u017eeb za\u0159\u00edzen\u00ed Dworek Marmis p\u0159edstavuje p\u0159ijet\u00ed t\u011bchto p\u0159edpis\u016f.<\/p>\n\n\t\t<\/div>\n\t<\/div>\n<\/div><\/div><\/div><\/div>\n<\/div>","protected":false},"excerpt":{"rendered":"Hotelov\u00fd \u0159\u00e1d \"Dworek Marmis\" 1. Check-in Check-in za\u010d\u00edn\u00e1 v 15:00 a kon\u010d\u00ed v 10:30 posledn\u00ed den pobytu. 2. Platba Platba za pobyt se vyb\u00edr\u00e1 v hotovosti v den p\u0159\u00edjezdu podle v\u00e1mi dohodnut\u00e9ho term\u00ednu nebo p\u0159edchoz\u00edm p\u0159evodem na bankovn\u00ed \u00fa\u010det. Platba za pobyt je nevratn\u00e1 v p\u0159\u00edpad\u011b, \u017ee se v pr\u016fb\u011bhu pobytu ...","protected":false},"author":2,"featured_media":1888,"parent":0,"menu_order":0,"comment_status":"closed","ping_status":"closed","template":"","meta":{"_acf_changed":false,"footnotes":""},"class_list":["post-1061","page","type-page","status-publish","has-post-thumbnail","hentry"],"acf":[],"aioseo_notices":[],"_links":{"self":[{"href":"https:\/\/www.dworekmarmis.pl\/cs\/wp-json\/wp\/v2\/pages\/1061","targetHints":{"allow":["GET"]}}],"collection":[{"href":"https:\/\/www.dworekmarmis.pl\/cs\/wp-json\/wp\/v2\/pages"}],"about":[{"href":"https:\/\/www.dworekmarmis.pl\/cs\/wp-json\/wp\/v2\/types\/page"}],"author":[{"embeddable":true,"href":"https:\/\/www.dworekmarmis.pl\/cs\/wp-json\/wp\/v2\/users\/2"}],"replies":[{"embeddable":true,"href":"https:\/\/www.dworekmarmis.pl\/cs\/wp-json\/wp\/v2\/comments?post=1061"}],"version-history":[{"count":20,"href":"https:\/\/www.dworekmarmis.pl\/cs\/wp-json\/wp\/v2\/pages\/1061\/revisions"}],"predecessor-version":[{"id":2877,"href":"https:\/\/www.dworekmarmis.pl\/cs\/wp-json\/wp\/v2\/pages\/1061\/revisions\/2877"}],"wp:featuredmedia":[{"embeddable":true,"href":"https:\/\/www.dworekmarmis.pl\/cs\/wp-json\/wp\/v2\/media\/1888"}],"wp:attachment":[{"href":"https:\/\/www.dworekmarmis.pl\/cs\/wp-json\/wp\/v2\/media?parent=1061"}],"curies":[{"name":"wp","href":"https:\/\/api.w.org\/{rel}","templated":true}]}}